{"id":56644,"date":"2026-05-14T10:17:05","date_gmt":"2026-05-14T14:17:05","guid":{"rendered":"https:\/\/carrefourfamilial.com\/special-events\/"},"modified":"2026-05-14T10:17:05","modified_gmt":"2026-05-14T14:17:05","slug":"special-events","status":"publish","type":"page","link":"https:\/\/carrefourfamilial.com\/en\/special-events\/","title":{"rendered":"Special Events"},"content":{"rendered":"<p>[et_pb_section fb_built=&#8221;1&#8243; fullwidth=&#8221;on&#8221; admin_label=&#8221;Header&#8221; _builder_version=&#8221;4.16&#8243; background_enable_color=&#8221;off&#8221; background_enable_image=&#8221;off&#8221; parallax=&#8221;on&#8221; custom_padding=&#8221;0px|0|0px|0px|false|false&#8221; locked=&#8221;off&#8221; global_colors_info=&#8221;{}&#8221;][et_pb_fullwidth_header text_orientation=&#8221;center&#8221; content_max_width=&#8221;99%&#8221; admin_label=&#8221;Fullwidth Header&#8221; _builder_version=&#8221;4.27.4&#8243; title_font=&#8221;Baloo Tammudu||||||||&#8221; title_text_align=&#8221;center&#8221; title_font_size=&#8221;80px&#8221; title_line_height=&#8221;1.1em&#8221; content_font=&#8221;Open Sans||||||||&#8221; content_text_align=&#8221;center&#8221; content_line_height=&#8221;1.8em&#8221; background_color=&#8221;rgba(0,0,0,0)&#8221; use_background_color_gradient=&#8221;on&#8221; background_color_gradient_direction=&#8221;140deg&#8221; background_color_gradient_stops=&#8221;rgba(0,0,0,0.9) 0%|rgba(80,103,147,0.5) 100%&#8221; background_color_gradient_start=&#8221;rgba(0,0,0,0.9)&#8221; background_color_gradient_end=&#8221;rgba(80,103,147,0.5)&#8221; background_image=&#8221;https:\/\/carrefourfamilial.com\/wp-content\/uploads\/PageEvenements.jpg&#8221; custom_button_one=&#8221;on&#8221; button_one_text_size=&#8221;14px&#8221; button_one_bg_color=&#8221;#ff6d29&#8243; button_one_border_color=&#8221;rgba(0,0,0,0)&#8221; button_one_border_radius=&#8221;0px&#8221; button_one_letter_spacing=&#8221;1px&#8221; button_one_font=&#8221;|700||on|||||&#8221; button_one_custom_padding=&#8221;16px|28px|16px|28px|true|true&#8221; custom_button_two=&#8221;on&#8221; button_two_text_size=&#8221;14px&#8221; button_two_border_width=&#8221;2px&#8221; button_two_border_radius=&#8221;0px&#8221; button_two_letter_spacing=&#8221;1px&#8221; button_two_font=&#8221;|700||on|||||&#8221; button_two_custom_padding=&#8221;16px|28px|16px|28px|true|true&#8221; width=&#8221;100%&#8221; max_width=&#8221;100%&#8221; min_height=&#8221;260px&#8221; custom_margin=&#8221;||-49px|||&#8221; custom_padding=&#8221;4vw||0vw||false|false&#8221; custom_padding_tablet=&#8221;||||false|false&#8221; custom_padding_phone=&#8221;|||&#8221; custom_padding_last_edited=&#8221;off|phone&#8221; title_font_size_tablet=&#8221;54px&#8221; title_font_size_phone=&#8221;34px&#8221; title_font_size_last_edited=&#8221;on|phone&#8221; content_font_size_tablet=&#8221;&#8221; content_font_size_phone=&#8221;16px&#8221; content_font_size_last_edited=&#8221;on|phone&#8221; custom_css_header_container=&#8221;max-width: 1080px;||width: 100%;&#8221; title_text_shadow_style=&#8221;preset3&#8243; button_one_border_color_hover=&#8221;#ff8a3d&#8221; button_one_border_radius_hover=&#8221;100px&#8221; button_one_letter_spacing_hover=&#8221;5px&#8221; button_one_bg_color_hover=&#8221;#ff8a3d&#8221; global_colors_info=&#8221;{}&#8221; button_one_text_size__hover_enabled=&#8221;off&#8221; button_two_text_size__hover_enabled=&#8221;off&#8221; button_one_text_color__hover_enabled=&#8221;off&#8221; button_two_text_color__hover_enabled=&#8221;off&#8221; button_one_border_width__hover_enabled=&#8221;off&#8221; button_two_border_width__hover_enabled=&#8221;off&#8221; button_one_border_color__hover_enabled=&#8221;off&#8221; button_one_border_color__hover=&#8221;#ff8a3d&#8221; button_two_border_color__hover_enabled=&#8221;off&#8221; button_one_border_radius__hover_enabled=&#8221;off&#8221; button_one_border_radius__hover=&#8221;100px&#8221; button_two_border_radius__hover_enabled=&#8221;off&#8221; button_one_letter_spacing__hover_enabled=&#8221;off&#8221; button_one_letter_spacing__hover=&#8221;5px&#8221; button_two_letter_spacing__hover_enabled=&#8221;off&#8221; button_one_bg_color__hover_enabled=&#8221;off&#8221; button_one_bg_color__hover=&#8221;#ff8a3d&#8221; button_two_bg_color__hover_enabled=&#8221;off&#8221;][\/et_pb_fullwidth_header][\/et_pb_section][et_pb_section fb_built=&#8221;1&#8243; admin_label=&#8221;About&#8221; _builder_version=&#8221;4.27.4&#8243; background_color=&#8221;rgba(0,0,0,0)&#8221; custom_padding=&#8221;60px||45px||false|false&#8221; locked=&#8221;off&#8221; global_colors_info=&#8221;{}&#8221;][et_pb_row custom_padding_last_edited=&#8221;on|desktop&#8221; admin_label=&#8221;Line&#8221; _builder_version=&#8221;4.16&#8243; background_color=&#8221;#ffffff&#8221; custom_margin=&#8221;-5vw|auto|-42px|auto|false|false&#8221; custom_margin_tablet=&#8221;-15vw||||false|false&#8221; custom_margin_phone=&#8221;&#8221; custom_margin_last_edited=&#8221;on|desktop&#8221; custom_padding=&#8221;0px||3px||false|false&#8221; custom_padding_tablet=&#8221;&#8221; custom_padding_phone=&#8221;&#8221; border_radii=&#8221;on|40px|40px|40px|40px&#8221; box_shadow_style=&#8221;preset3&#8243; box_shadow_horizontal=&#8221;13px&#8221; box_shadow_vertical=&#8221;38px&#8221; box_shadow_blur=&#8221;50px&#8221; box_shadow_spread=&#8221;0px&#8221; box_shadow_color=&#8221;rgba(133,143,175,0.2)&#8221; locked=&#8221;off&#8221; global_colors_info=&#8221;{}&#8221; custom_margin__hover_enabled=&#8221;off&#8221;][et_pb_column type=&#8221;4_4&#8243; _builder_version=&#8221;4.16&#8243; custom_padding=&#8221;60px|60px|60px|60px|true|true&#8221; custom_padding_tablet=&#8221;|60px|||true|false&#8221; custom_padding_phone=&#8221;|30px||30px|true|false&#8221; custom_padding_last_edited=&#8221;on|phone&#8221; global_colors_info=&#8221;{}&#8221;][et_pb_text _builder_version=&#8221;4.16&#8243; _module_preset=&#8221;default&#8221; header_text_color=&#8221;#003087&#8243; header_font_size=&#8221;60px&#8221; custom_margin=&#8221;4px|||||&#8221; global_colors_info=&#8221;{}&#8221;]<\/p>\n<h1 style=\"text-align: center;\">Special Events<\/h1>\n<p>[\/et_pb_text][et_pb_text admin_label=&#8221;Texte&#8221; _builder_version=&#8221;4.16&#8243; text_font=&#8221;|300|||||||&#8221; header_2_text_color=&#8221;#39B54A&#8221; text_font_size_tablet=&#8221;&#8221; text_font_size_phone=&#8221;18px&#8221; text_font_size_last_edited=&#8221;on|phone&#8221; text_line_height_tablet=&#8221;&#8221; text_line_height_phone=&#8221;1.6em&#8221; text_line_height_last_edited=&#8221;on|desktop&#8221; locked=&#8221;off&#8221; global_colors_info=&#8221;{}&#8221;]<\/p>\n<h2><span style=\"color: #b1d235;\">Led by the team, designed for families <\/span><\/h2>\n<p data-start=\"48\" data-end=\"237\"><span style=\"font-size: 18px;\">Special events are opportunities for staff from our three services to collaborate and combine their talents to offer unique, community-building moments. Beyond promoting Carrefour Familial Hochelaga within the neighborhood, these events are times for meeting, sharing, and great opportunities for new families to discover the organization.  <\/span><\/p>\n<p>[\/et_pb_text][\/et_pb_column][\/et_pb_row][\/et_pb_section][et_pb_section fb_built=&#8221;1&#8243; admin_label=&#8221;About&#8221; _builder_version=&#8221;4.27.4&#8243; background_color=&#8221;RGBA(255,255,255,0)&#8221; custom_padding=&#8221;60px||0px||false|false&#8221; locked=&#8221;off&#8221; global_colors_info=&#8221;{}&#8221;][et_pb_row _builder_version=&#8221;4.27.4&#8243; _module_preset=&#8221;default&#8221; global_colors_info=&#8221;{}&#8221;][et_pb_column type=&#8221;4_4&#8243; _builder_version=&#8221;4.27.4&#8243; _module_preset=&#8221;default&#8221; global_colors_info=&#8221;{}&#8221;][et_pb_text _builder_version=&#8221;4.27.4&#8243; text_font=&#8221;|300|||||||&#8221; header_2_text_color=&#8221;#003087&#8243; header_2_font_size=&#8221;50px&#8221; custom_margin=&#8221;||3px|||&#8221; text_font_size_tablet=&#8221;&#8221; text_font_size_phone=&#8221;18px&#8221; text_font_size_last_edited=&#8221;on|phone&#8221; text_line_height_tablet=&#8221;&#8221; text_line_height_phone=&#8221;1.6em&#8221; text_line_height_last_edited=&#8221;on|desktop&#8221; locked=&#8221;off&#8221; global_colors_info=&#8221;{}&#8221;]<\/p>\n<h2 style=\"text-align: left;\">Next event<\/h2>\n<p>[\/et_pb_text][\/et_pb_column][\/et_pb_row][et_pb_row column_structure=&#8221;3_5,2_5&#8243; use_custom_gutter=&#8221;on&#8221; disabled_on=&#8221;off|off|off&#8221; _builder_version=&#8221;4.16&#8243; _module_preset=&#8221;default&#8221; custom_padding=&#8221;0px||4%||false|false&#8221; global_colors_info=&#8221;{}&#8221;][et_pb_column type=&#8221;3_5&#8243; _builder_version=&#8221;4.16&#8243; _module_preset=&#8221;default&#8221; global_colors_info=&#8221;{}&#8221;][et_pb_text _builder_version=&#8221;4.27.4&#8243; _module_preset=&#8221;default&#8221; custom_margin=&#8221;4px|||||&#8221; custom_padding=&#8221;||0px|||&#8221; global_colors_info=&#8221;{}&#8221;]<\/p>\n<h3><span style=\"color: #b1d235;\">The holiday season at the Carrefour <\/span><\/h3>\n<p>The month of December is very much alive at the Carrefour. Whether it&#8217;s Magic Christmas, the distribution of Christmas baskets, parties at Maison Oxyg\u00e8ne Montr\u00e9al, or community involvement, the team strives to make this period a time of mutual aid and solidarity. <\/p>\n<p>&nbsp;<\/p>\n<p><strong>Magic Christmas<\/strong><\/p>\n<p>Every year, thanks to the unwavering commitment of a team of volunteers, Carrefour families are invited to celebrate the holiday season together. <span class=\"relative -mx-px my-[-0.2rem] rounded-sm px-px py-[0.2rem]\">Under the coordination of C\u00e9line Lavoie, dedicated volunteers give their time and resources so that every child receives a carefully chosen gift.<\/span> <span class=\"relative -mx-px my-[-0.2rem] rounded-sm px-px py-[0.2rem]\">The event culminates in a big party where children meet Santa Claus, capture the moment with a family photo, and enjoy fun activities.<\/span> <span class=\"relative -mx-px my-[-0.2rem] rounded-sm px-px py-[0.2rem]\">Beyond the gift distribution, Magic Christmas embodies the spirit of solidarity and sharing that drives Carrefour Familial Hochelaga. <\/span><\/p>\n<p>[\/et_pb_text][et_pb_button button_url=&#8221;https:\/\/noelmagique.org\/&#8221; url_new_window=&#8221;on&#8221; button_text=&#8221;Contribute to the celebration &#8221; _builder_version=&#8221;4.27.4&#8243; _module_preset=&#8221;default&#8221; custom_button=&#8221;on&#8221; button_text_color=&#8221;#FFFFFF&#8221; button_bg_color=&#8221;#B1D235&#8243; button_border_width=&#8221;0px&#8221; button_icon=&#8221;&#xf4be;||fa||900&#8243; button_icon_placement=&#8221;left&#8221; button_on_hover=&#8221;off&#8221; custom_padding=&#8221;|||36px|false|false&#8221; global_colors_info=&#8221;{}&#8221;][\/et_pb_button][et_pb_text _builder_version=&#8221;4.27.4&#8243; _module_preset=&#8221;default&#8221; custom_margin=&#8221;4px|||||&#8221; global_colors_info=&#8221;{}&#8221;]<\/p>\n<p>&nbsp;<\/p>\n<p><strong>Christmas Baskets<\/strong><\/p>\n<p>Thanks to the generosity of committed partners and donors, many families receive a food basket worth $200 to $300 each year. This essential helping hand lightens the load during an often difficult period and provides a real holiday meal to share as a family. It is a concrete gesture of solidarity that warms much more than just the plates.  <\/p>\n<p>A big thank you to Assurances Vezina, Pomerleau, and JTI MacDonald for their generosity in December 2024.<\/p>\n<p>[\/et_pb_text][et_pb_button button_url=&#8221;mailto:communications@carrefourfamilial.com?subject=Partnership%-%Christmas%Baskets&#8221; button_text=&#8221;Give Christmas baskets&#8221; _builder_version=&#8221;4.27.4&#8243; _module_preset=&#8221;default&#8221; custom_button=&#8221;on&#8221; button_text_color=&#8221;#FFFFFF&#8221; button_bg_color=&#8221;#B1D235&#8243; button_border_width=&#8221;0px&#8221; button_icon=&#8221;&#xf4be;||fa||900&#8243; button_icon_placement=&#8221;left&#8221; button_on_hover=&#8221;off&#8221; custom_padding=&#8221;|||36px|false|false&#8221; global_colors_info=&#8221;{}&#8221;][\/et_pb_button][et_pb_text _builder_version=&#8221;4.27.4&#8243; _module_preset=&#8221;default&#8221; custom_margin=&#8221;4px|||||&#8221; global_colors_info=&#8221;{}&#8221;]<\/p>\n<p><strong>Christmas at Maison Oxyg\u00e8ne Montr\u00e9al<\/strong><\/p>\n<p data-start=\"36\" data-end=\"291\" class=\"\">For many fathers staying with us, the holiday season can be an emotionally charged time. While some share these moments with their children, others experience this period without them, which can make the season particularly trying. <\/p>\n<p data-start=\"293\" data-end=\"522\" class=\"\">Every year, the Maison Oxyg\u00e8ne Montr\u00e9al team organizes fun activities on key days, such as Christmas and New Year&#8217;s Day, to brighten daily life and bring a little light to these more sensitive moments.<\/p>\n<p data-start=\"524\" data-end=\"700\" class=\"\">Thanks to the precious collaboration of Op\u00e9ration P\u00e8re No\u00ebl, children also receive a personalized gift during a warm party organized by the staff.<\/p>\n<p>[\/et_pb_text][\/et_pb_column][et_pb_column type=&#8221;2_5&#8243; _builder_version=&#8221;4.16&#8243; _module_preset=&#8221;default&#8221; global_colors_info=&#8221;{}&#8221;][et_pb_image src=&#8221;https:\/\/carrefourfamilial.com\/wp-content\/uploads\/Noel.jpg&#8221; title_text=&#8221;Christmas&#8221; _builder_version=&#8221;4.27.4&#8243; _module_preset=&#8221;default&#8221; global_colors_info=&#8221;{}&#8221;][\/et_pb_image][\/et_pb_column][\/et_pb_row][\/et_pb_section][et_pb_section fb_built=&#8221;1&#8243; admin_label=&#8221;About&#8221; _builder_version=&#8221;4.27.4&#8243; background_color=&#8221;rgba(176,209,58,0.24)&#8221; custom_padding=&#8221;60px||0px||false|false&#8221; locked=&#8221;off&#8221; global_colors_info=&#8221;{}&#8221;][et_pb_row column_structure=&#8221;2_5,3_5&#8243; use_custom_gutter=&#8221;on&#8221; disabled_on=&#8221;off|off|off&#8221; _builder_version=&#8221;4.16&#8243; _module_preset=&#8221;default&#8221; custom_padding=&#8221;0px||4%||false|false&#8221; global_colors_info=&#8221;{}&#8221;][et_pb_column type=&#8221;2_5&#8243; _builder_version=&#8221;4.16&#8243; _module_preset=&#8221;default&#8221; global_colors_info=&#8221;{}&#8221;][et_pb_image src=&#8221;https:\/\/carrefourfamilial.com\/wp-content\/uploads\/FeteRentree-1.jpg&#8221; title_text=&#8221;BackToSchoolParty&#8221; _builder_version=&#8221;4.27.4&#8243; _module_preset=&#8221;default&#8221; global_colors_info=&#8221;{}&#8221;][\/et_pb_image][\/et_pb_column][et_pb_column type=&#8221;3_5&#8243; _builder_version=&#8221;4.16&#8243; _module_preset=&#8221;default&#8221; global_colors_info=&#8221;{}&#8221;][et_pb_text _builder_version=&#8221;4.27.4&#8243; _module_preset=&#8221;default&#8221; custom_margin=&#8221;4px|||||&#8221; global_colors_info=&#8221;{}&#8221;]<\/p>\n<h3><span style=\"color: #b1d235;\">Back-to-school party<\/span><\/h3>\n<p class=\"p1\">A community-building event, the back-to-school party marks the end of summer vacation, the return to routine, and most importantly, the return to Carrefour Familial Hochelaga. It\u2019s an opportunity for the organization to showcase its new programming, highlight its services, and reconnect with neighborhood families. Participants gather, and children reunite after the summer break. It\u2019s a time for families to spend quality time together and enjoy free fun and cultural activities.   <\/p>\n<p class=\"p1\">SCHEDULE<\/p>\n<ul>\n<li class=\"p1\">3:15 PM: Marching band with Terrato<\/li>\n<li class=\"p1\">3:45 PM: Le Castelet Voyageur with Crapeau Cornu<\/li>\n<li class=\"p1\">4:30 PM: Line dancing with Diane Denis Danse<\/li>\n<li class=\"p1\">5:15 PM: Plouf! with Le Gros Orteil<\/li>\n<\/ul>\n<p>THROUGHOUT THE PARTY<\/p>\n<ul>\n<li class=\"p1\">Ice cream thanks to our partner Les Givr\u00e9s<\/li>\n<li class=\"p1\">Ma petite Cabane with Petits bonheurs x Tania Baladi<\/li>\n<li class=\"p1\">Introduction to science with Les Scientifines<\/li>\n<li class=\"p1\">Advil the doctor and Hertel the janitor with Audrey Saurette and Th\u00e9o Labb\u00e9<\/li>\n<li class=\"p1\">Corn<\/li>\n<li class=\"p1\">Inflatable game<\/li>\n<li class=\"p1\">Toddlers&#8217; corner<\/li>\n<\/ul>\n<p>&nbsp;<\/p>\n<p>[\/et_pb_text][et_pb_button button_url=&#8221;mailto:communications@carrefourfamilial.com?subject=Become%a%party%partner&#8221; button_text=&#8221;Become a party partner&#8221; disabled_on=&#8221;on|on|on&#8221; _builder_version=&#8221;4.27.4&#8243; _module_preset=&#8221;default&#8221; custom_button=&#8221;on&#8221; button_text_color=&#8221;#FFFFFF&#8221; button_bg_color=&#8221;#B1D235&#8243; button_border_width=&#8221;0px&#8221; button_icon=&#8221;&#xe031;||divi||400&#8243; button_icon_placement=&#8221;left&#8221; button_on_hover=&#8221;off&#8221; custom_padding=&#8221;|||36px|false|false&#8221; disabled=&#8221;on&#8221; global_colors_info=&#8221;{}&#8221;][\/et_pb_button][\/et_pb_column][\/et_pb_row][et_pb_row column_structure=&#8221;3_5,2_5&#8243; use_custom_gutter=&#8221;on&#8221; disabled_on=&#8221;off|off|off&#8221; _builder_version=&#8221;4.16&#8243; _module_preset=&#8221;default&#8221; custom_padding=&#8221;0px||0%||false|false&#8221; global_colors_info=&#8221;{}&#8221;][et_pb_column type=&#8221;3_5&#8243; _builder_version=&#8221;4.16&#8243; _module_preset=&#8221;default&#8221; global_colors_info=&#8221;{}&#8221;][et_pb_text _builder_version=&#8221;4.27.4&#8243; _module_preset=&#8221;default&#8221; header_3_text_color=&#8221;#B1D235&#8243; custom_margin=&#8221;4px|||||&#8221; global_colors_info=&#8221;{}&#8221;]<\/p>\n<h3><span style=\"color: #b1d235;\">Swap your gear <\/span><\/h3>\n<p><span style=\"font-size: 18px;\">Swap your gear is an event that allows parents to exchange clothes and accessories for the family. Carrefour Familial Hochelaga and the parents&#8217; organizing committee will be proud to welcome you for this moment of mutual aid. <\/span><br \/><span style=\"font-size: 18px;\"><\/span><\/p>\n<p>The year 2025 will mark the 2nd edition of the event. <span style=\"font-size: 18px;\"><\/span><\/p>\n<p>[\/et_pb_text][\/et_pb_column][et_pb_column type=&#8221;2_5&#8243; _builder_version=&#8221;4.16&#8243; _module_preset=&#8221;default&#8221; global_colors_info=&#8221;{}&#8221;][et_pb_image src=&#8221;https:\/\/carrefourfamilial.com\/wp-content\/uploads\/FripeTonStock_couleur-300&#215;300.png&#8221; title_text=&#8221;SwapYourGear_color&#8221; _builder_version=&#8221;4.27.4&#8243; _module_preset=&#8221;default&#8221; background_enable_image=&#8221;off&#8221; global_colors_info=&#8221;{}&#8221;][\/et_pb_image][\/et_pb_column][\/et_pb_row][et_pb_row column_structure=&#8221;1_2,1_2&#8243; _builder_version=&#8221;4.27.4&#8243; _module_preset=&#8221;default&#8221; custom_padding=&#8221;4px|||||&#8221; global_colors_info=&#8221;{}&#8221;][et_pb_column type=&#8221;1_2&#8243; _builder_version=&#8221;4.27.4&#8243; _module_preset=&#8221;default&#8221; global_colors_info=&#8221;{}&#8221;][et_pb_text _builder_version=&#8221;4.27.4&#8243; _module_preset=&#8221;default&#8221; custom_margin=&#8221;4px|||||&#8221; global_colors_info=&#8221;{}&#8221;]<\/p>\n<p><strong><span style=\"font-size: 18px;\">How does it work?<\/span><\/strong><\/p>\n<ol>\n<li><span style=\"font-size: 18px;\">Drop off your items on Friday, May 2, 2025, from 4 PM to 7 PM, or Saturday, May 3, 2025, from 9 AM to 12 PM.<br \/><\/span>Points will be awarded for your items.<\/li>\n<li>Come choose your new items on Saturday, May 3, from 1 PM to 3:30 PM. You can take items for free based on the number of points you have.<\/li>\n<li>Flash sale: You have the opportunity to buy clothes and toys from 2:30 PM to 3:30 PM on Saturday, May 3.<\/li>\n<\/ol>\n<p class=\"x11i5rnm xat24cr x1mh8g0r x1vvkbs xtlvy1s\">Only children&#8217;s items and maternity clothes will be accepted.<\/p>\n<p>[\/et_pb_text][\/et_pb_column][et_pb_column type=&#8221;1_2&#8243; _builder_version=&#8221;4.27.4&#8243; _module_preset=&#8221;default&#8221; global_colors_info=&#8221;{}&#8221;][et_pb_text _builder_version=&#8221;4.27.4&#8243; _module_preset=&#8221;default&#8221; custom_margin=&#8221;4px|||||&#8221; global_colors_info=&#8221;{}&#8221;]<\/p>\n<p class=\"xdj266r x11i5rnm xat24cr x1mh8g0r x1vvkbs\"><strong><span style=\"font-size: 18px;\">Points system<\/span><\/strong><\/p>\n<p>1 point = Child&#8217;s clothing (socks: 3 pairs = 1 point), maternity top, child&#8217;s shoes, small toy (puzzle, book, doll, small block set&#8230;)<br class=\"html-br\">2 points = Snowsuit, coat, large toy (walker, VTech, drawing easel&#8230;), booster seat, bedding set, boots, maternity pants, bouncer.<br class=\"html-br\">3 points = Umbrella stroller, tricycle, small bike, playpen, baby carrier.<br class=\"html-br\">4 points = Crib, standard stroller, video game console, bike for 8-12 year olds, swing.<br class=\"html-br\"><em>Limit of 100 points per family.<\/em><\/p>\n<p>Exceptional items may be evaluated differently. Stained or damaged items, or those that do not meet safety standards, will be refused, as will car seats. Items that do not find a taker will be donated to other community organizations.<br class=\"html-br\">_____________________  <br class=\"html-br\"><strong>Flash sale<\/strong><br class=\"html-br\">Items worth 1 token: $1<br class=\"html-br\">Items worth 2 tokens: $5<br class=\"html-br\">Items worth 3 tokens: $10<\/p>\n<p>[\/et_pb_text][\/et_pb_column][\/et_pb_row][\/et_pb_section]<\/p>\n","protected":false},"excerpt":{"rendered":"<p>Special EventsLed by the team, designed for families Special events are opportunities for staff from our three services to collaborate and combine their talents to offer unique, community-building moments. Beyond promoting Carrefour Familial Hochelaga within the neighborhood, these events are times for meeting, sharing, and great opportunities for new families to discover the organization. Next [&hellip;]<\/p>\n","protected":false},"author":15,"featured_media":0,"parent":0,"menu_order":0,"comment_status":"closed","ping_status":"closed","template":"","meta":{"_et_pb_use_builder":"on","_et_pb_old_content":"","_et_gb_content_width":"","footnotes":""},"class_list":["post-56644","page","type-page","status-publish","hentry"],"_links":{"self":[{"href":"https:\/\/carrefourfamilial.com\/en\/wp-json\/wp\/v2\/pages\/56644","targetHints":{"allow":["GET"]}}],"collection":[{"href":"https:\/\/carrefourfamilial.com\/en\/wp-json\/wp\/v2\/pages"}],"about":[{"href":"https:\/\/carrefourfamilial.com\/en\/wp-json\/wp\/v2\/types\/page"}],"author":[{"embeddable":true,"href":"https:\/\/carrefourfamilial.com\/en\/wp-json\/wp\/v2\/users\/15"}],"replies":[{"embeddable":true,"href":"https:\/\/carrefourfamilial.com\/en\/wp-json\/wp\/v2\/comments?post=56644"}],"version-history":[{"count":1,"href":"https:\/\/carrefourfamilial.com\/en\/wp-json\/wp\/v2\/pages\/56644\/revisions"}],"predecessor-version":[{"id":56647,"href":"https:\/\/carrefourfamilial.com\/en\/wp-json\/wp\/v2\/pages\/56644\/revisions\/56647"}],"wp:attachment":[{"href":"https:\/\/carrefourfamilial.com\/en\/wp-json\/wp\/v2\/media?parent=56644"}],"curies":[{"name":"wp","href":"https:\/\/api.w.org\/{rel}","templated":true}]}}