{"id":56654,"date":"2026-05-14T10:17:30","date_gmt":"2026-05-14T14:17:30","guid":{"rendered":"https:\/\/carrefourfamilial.com\/contact-us\/"},"modified":"2026-05-14T11:03:58","modified_gmt":"2026-05-14T15:03:58","slug":"contact-us","status":"publish","type":"page","link":"https:\/\/carrefourfamilial.com\/en\/contact-us\/","title":{"rendered":"Contact us"},"content":{"rendered":"<p>[et_pb_section fb_built=&#8221;1&#8243; fullwidth=&#8221;on&#8221; admin_label=&#8221;Header&#8221; _builder_version=&#8221;4.16&#8243; background_enable_color=&#8221;off&#8221; background_enable_image=&#8221;off&#8221; parallax=&#8221;on&#8221; custom_padding=&#8221;0px|0|0px|0px|false|false&#8221; global_colors_info=&#8221;{}&#8221;][et_pb_fullwidth_header text_orientation=&#8221;center&#8221; content_max_width=&#8221;99%&#8221; admin_label=&#8221;Fullwidth Header&#8221; _builder_version=&#8221;4.16&#8243; title_font=&#8221;Baloo Tammudu||||||||&#8221; title_text_align=&#8221;center&#8221; title_font_size=&#8221;80px&#8221; content_font=&#8221;Open Sans||||||||&#8221; content_text_align=&#8221;center&#8221; content_line_height=&#8221;1.8em&#8221; background_color=&#8221;rgba(0,0,0,0)&#8221; use_background_color_gradient=&#8221;on&#8221; background_color_gradient_direction=&#8221;140deg&#8221; background_color_gradient_stops=&#8221;rgba(0,0,0,0.9) 0%|rgba(80,103,147,0.5) 100%&#8221; background_color_gradient_start=&#8221;rgba(0,0,0,0.9)&#8221; background_color_gradient_end=&#8221;rgba(80,103,147,0.5)&#8221; background_image=&#8221;https:\/\/carrefourfamilial.com\/wp-content\/uploads\/Carrefour-familial_15.jpeg&#8221; background_position=&#8221;top_center&#8221; custom_button_one=&#8221;on&#8221; button_one_text_size=&#8221;14px&#8221; button_one_bg_color=&#8221;#ff6d29&#8243; button_one_border_color=&#8221;rgba(0,0,0,0)&#8221; button_one_border_radius=&#8221;0px&#8221; button_one_letter_spacing=&#8221;1px&#8221; button_one_font=&#8221;|700||on|||||&#8221; button_one_custom_padding=&#8221;16px|28px|16px|28px|true|true&#8221; custom_button_two=&#8221;on&#8221; button_two_text_size=&#8221;14px&#8221; button_two_border_width=&#8221;2px&#8221; button_two_border_radius=&#8221;0px&#8221; button_two_letter_spacing=&#8221;1px&#8221; button_two_font=&#8221;|700||on|||||&#8221; button_two_custom_padding=&#8221;16px|28px|16px|28px|true|true&#8221; width=&#8221;100%&#8221; max_width=&#8221;100%&#8221; min_height=&#8221;325px&#8221; custom_margin=&#8221;|||&#8221; custom_padding=&#8221;4vw||7vw||false|false&#8221; custom_padding_tablet=&#8221;||||false|false&#8221; custom_padding_phone=&#8221;|||&#8221; custom_padding_last_edited=&#8221;off|phone&#8221; title_font_size_tablet=&#8221;54px&#8221; title_font_size_phone=&#8221;34px&#8221; title_font_size_last_edited=&#8221;on|phone&#8221; content_font_size_tablet=&#8221;&#8221; content_font_size_phone=&#8221;16px&#8221; content_font_size_last_edited=&#8221;on|phone&#8221; custom_css_header_container=&#8221;max-width: 1080px;||width: 100%;&#8221; title_text_shadow_style=&#8221;preset3&#8243; button_one_border_color_hover=&#8221;#ff8a3d&#8221; button_one_border_radius_hover=&#8221;100px&#8221; button_one_letter_spacing_hover=&#8221;5px&#8221; button_one_bg_color_hover=&#8221;#ff8a3d&#8221; global_colors_info=&#8221;{}&#8221; button_one_text_size__hover_enabled=&#8221;off&#8221; button_two_text_size__hover_enabled=&#8221;off&#8221; button_one_text_color__hover_enabled=&#8221;off&#8221; button_two_text_color__hover_enabled=&#8221;off&#8221; button_one_border_width__hover_enabled=&#8221;off&#8221; button_two_border_width__hover_enabled=&#8221;off&#8221; button_one_border_color__hover_enabled=&#8221;off&#8221; button_one_border_color__hover=&#8221;#ff8a3d&#8221; button_two_border_color__hover_enabled=&#8221;off&#8221; button_one_border_radius__hover_enabled=&#8221;off&#8221; button_one_border_radius__hover=&#8221;100px&#8221; button_two_border_radius__hover_enabled=&#8221;off&#8221; button_one_letter_spacing__hover_enabled=&#8221;off&#8221; button_one_letter_spacing__hover=&#8221;5px&#8221; button_two_letter_spacing__hover_enabled=&#8221;off&#8221; button_one_bg_color__hover_enabled=&#8221;off&#8221; button_one_bg_color__hover=&#8221;#ff8a3d&#8221; button_two_bg_color__hover_enabled=&#8221;off&#8221;][\/et_pb_fullwidth_header][\/et_pb_section][et_pb_section fb_built=&#8221;1&#8243; admin_label=&#8221;About&#8221; _builder_version=&#8221;4.16&#8243; background_color=&#8221;rgba(0,0,0,0)&#8221; custom_padding=&#8221;||76px||false|false&#8221; global_colors_info=&#8221;{}&#8221;][et_pb_row custom_padding_last_edited=&#8221;on|desktop&#8221; _builder_version=&#8221;4.16&#8243; background_color=&#8221;#ffffff&#8221; custom_margin=&#8221;-5vw|auto||auto|false|false&#8221; custom_margin_tablet=&#8221;-15vw||||false|false&#8221; custom_margin_phone=&#8221;&#8221; custom_margin_last_edited=&#8221;on|desktop&#8221; custom_padding=&#8221;||0px||false|false&#8221; custom_padding_tablet=&#8221;&#8221; custom_padding_phone=&#8221;&#8221; border_radii=&#8221;on|40px|40px|40px|40px&#8221; box_shadow_style=&#8221;preset3&#8243; box_shadow_horizontal=&#8221;13px&#8221; box_shadow_vertical=&#8221;38px&#8221; box_shadow_blur=&#8221;50px&#8221; box_shadow_spread=&#8221;0px&#8221; box_shadow_color=&#8221;rgba(133,143,175,0.2)&#8221; locked=&#8221;off&#8221; global_colors_info=&#8221;{}&#8221; custom_margin__hover_enabled=&#8221;off&#8221;][et_pb_column type=&#8221;4_4&#8243; _builder_version=&#8221;4.16&#8243; custom_padding=&#8221;60px|60px|60px|60px|true|true&#8221; custom_padding_tablet=&#8221;|60px|||true|false&#8221; custom_padding_phone=&#8221;|30px||30px|true|false&#8221; custom_padding_last_edited=&#8221;on|phone&#8221; global_colors_info=&#8221;{}&#8221;][et_pb_text _builder_version=&#8221;4.16&#8243; text_font=&#8221;|300|||||||&#8221; header_text_color=&#8221;#003087&#8243; header_font_size=&#8221;60px&#8221; text_font_size_tablet=&#8221;&#8221; text_font_size_phone=&#8221;18px&#8221; text_font_size_last_edited=&#8221;on|phone&#8221; text_line_height_tablet=&#8221;&#8221; text_line_height_phone=&#8221;1.6em&#8221; text_line_height_last_edited=&#8221;on|desktop&#8221; header_font_size_tablet=&#8221;&#8221; header_font_size_phone=&#8221;40px&#8221; header_font_size_last_edited=&#8221;on|phone&#8221; locked=&#8221;off&#8221; global_colors_info=&#8221;{}&#8221;]<\/p>\n<h1 style=\"text-align: center;\">Contact us<\/h1>\n<p>[\/et_pb_text][\/et_pb_column][\/et_pb_row][et_pb_row column_structure=&#8221;1_3,1_3,1_3&#8243; custom_padding_last_edited=&#8221;on|desktop&#8221; _builder_version=&#8221;4.16&#8243; background_color=&#8221;#ffffff&#8221; custom_margin=&#8221;-7vw|auto||auto|false|false&#8221; custom_margin_tablet=&#8221;-15vw||||false|false&#8221; custom_margin_phone=&#8221;&#8221; custom_margin_last_edited=&#8221;on|desktop&#8221; custom_padding=&#8221;||11px|||&#8221; custom_padding_tablet=&#8221;&#8221; custom_padding_phone=&#8221;&#8221; border_radii=&#8221;off|||40px|40px&#8221; box_shadow_style=&#8221;preset3&#8243; box_shadow_horizontal=&#8221;13px&#8221; box_shadow_vertical=&#8221;38px&#8221; box_shadow_blur=&#8221;50px&#8221; box_shadow_spread=&#8221;0px&#8221; box_shadow_color=&#8221;rgba(133,143,175,0.2)&#8221; global_colors_info=&#8221;{}&#8221; custom_margin__hover_enabled=&#8221;off&#8221;][et_pb_column type=&#8221;1_3&#8243; _builder_version=&#8221;4.16&#8243; custom_padding=&#8221;60px||60px|60px|true|false&#8221; custom_padding_tablet=&#8221;|60px|||true|false&#8221; custom_padding_phone=&#8221;|30px||30px|true|false&#8221; custom_padding_last_edited=&#8221;on|phone&#8221; global_colors_info=&#8221;{}&#8221;][et_pb_text _builder_version=&#8221;4.18.0&#8243; text_font=&#8221;|300|||||||&#8221; header_2_text_color=&#8221;#B1D235&#8243; max_width=&#8221;800px&#8221; text_font_size_tablet=&#8221;&#8221; text_font_size_phone=&#8221;18px&#8221; text_font_size_last_edited=&#8221;on|phone&#8221; text_line_height_tablet=&#8221;&#8221; text_line_height_phone=&#8221;1.6em&#8221; text_line_height_last_edited=&#8221;on|desktop&#8221; locked=&#8221;off&#8221; global_colors_info=&#8221;{}&#8221;]<\/p>\n<h2>Carrefour Familial Hochelaga<\/h2>\n<p><strong>Phone<\/strong><br \/>514 523-9283<\/p>\n<p><strong>Address<\/strong><br \/>1611, avenue d\u2019Orl\u00e9ans<br \/>Montr\u00e9al (Qu\u00e9bec) H1W 3R4<strong><br \/><\/strong><\/p>\n<p><strong>Email<\/strong><br \/><a href=\"mailto:info@carrefourfamilial.com\">info@carrefourfamilial.com<\/a><\/p>\n<p><strong>Follow us<br \/><\/strong><a href=\"https:\/\/www.facebook.com\/carrefourfamilialhochelaga\" target=\"_blank\" rel=\"noopener noreferrer\"><img decoding=\"async\" src=\"https:\/\/carrefourfamilial.com\/wp-content\/uploads\/fb-icon-300x300.png\" width=\"27\" height=\"27\" alt=\"\" class=\"wp-image-50189 alignnone size-medium\" \/><\/a><\/p>\n<p>[\/et_pb_text][\/et_pb_column][et_pb_column type=&#8221;1_3&#8243; _builder_version=&#8221;4.16&#8243; custom_padding=&#8221;60px|60px|60px||true|false&#8221; custom_padding_tablet=&#8221;0px||0px|60px|false|false&#8221; custom_padding_phone=&#8221;|30px||30px|false|false&#8221; custom_padding_last_edited=&#8221;on|desktop&#8221; global_colors_info=&#8221;{}&#8221;][et_pb_code _builder_version=&#8221;4.16&#8243; _module_preset=&#8221;default&#8221; global_colors_info=&#8221;{}&#8221;]<META HTTP-EQUIV=\"Content-type\" CONTENT=\"text\/html; charset=UTF-8\"><!-- [et_pb_line_break_holder] -->\u00a0 \u00a0<!-- [et_pb_line_break_holder] --><script src=\"https:\/\/challenges.cloudflare.com\/turnstile\/v0\/api.js\" async defer><\/script><!-- [et_pb_line_break_holder] --><!-- [et_pb_line_break_holder] --><\/p>\n<form id=\"cfForm\" action=\"https:\/\/webto.salesforce.com\/servlet\/servlet.WebToLead?encoding=UTF-8\" method=\"POST\"><!-- [et_pb_line_break_holder] --><input type=hidden name=\"oid\" value=\"00D4x0000015z7b\"><!-- [et_pb_line_break_holder] --><input type=hidden name=\"retURL\" value=\"https:\/\/carrefourfamilial.com\/merci\/\"><!-- [et_pb_line_break_holder] --><!-- [et_pb_line_break_holder] --><!--  ----------------------------------------------------------------------  --><!-- [et_pb_line_break_holder] --><!-- [et_pb_line_break_holder] --><!--  NOTE: These fields are optional debugging elements. Please uncomment    --><!-- [et_pb_line_break_holder] --><!-- [et_pb_line_break_holder] --><!--  these lines if you wish to test in debug mode.                          --><!-- [et_pb_line_break_holder] --><!-- [et_pb_line_break_holder] --><!--  <input type=\"hidden\" name=\"debug\" value=1><!-- [et_pb_line_break_holder] --><!-- [et_pb_line_break_holder] --><input type=\"hidden\" name=\"debugEmail\" value=\"support@unaburo.com\"> &#8211;><!-- [et_pb_line_break_holder] --><!-- [et_pb_line_break_holder] --><!--  ----------------------------------------------------------------------  --><!-- [et_pb_line_break_holder] --><!-- [et_pb_line_break_holder] --><input id=\"lead_source\" name=\"lead_source\" type=hidden value=\"Contact Us Form\"><!-- [et_pb_line_break_holder] --><!-- [et_pb_line_break_holder] --><label for=\"first_name\"><\/label><!-- [et_pb_line_break_holder] --><input  id=\"first_name\" maxlength=\"40\" name=\"first_name\" size=\"20\" type=\"text\"\u00a0 placeholder=\"First name\" \/><!\u2013- [et_pb_br_holder] -\u2013><!-- [et_pb_line_break_holder] --><!-- [et_pb_line_break_holder] --><label for=\"last_name\"><\/label><!-- [et_pb_line_break_holder] --><input  id=\"last_name\" maxlength=\"80\" name=\"last_name\" size=\"20\" type=\"text\" placeholder=\"Last name\" \/><!\u2013- [et_pb_br_holder] -\u2013><!-- [et_pb_line_break_holder] --><!-- [et_pb_line_break_holder] --><label for=\"email\"><\/label><input  id=\"email\" maxlength=\"80\" name=\"email\" size=\"20\" type=\"text\" placeholder=\"Email\" \/><!\u2013- [et_pb_br_holder] -\u2013><!-- [et_pb_line_break_holder] --><!-- [et_pb_line_break_holder] --><label for=\"description\"><\/label><textarea id=\"formMessage\" name=\"description\"  placeholder=\"Message\"><\/textarea><!\u2013- [et_pb_br_holder] -\u2013><!-- [et_pb_line_break_holder] --><!-- [et_pb_line_break_holder] -->  <\/p>\n<div class=\"cf-turnstile\" data-sitekey=\"0x4AAAAAACExVaDYWvNLd8aQ\" data-callback=\"onTurnstileSuccess\" data-expired-callback=\"onTurnstileExpired\" data-error-callback=\"onTurnstileError\"><\/div>\n<p><!-- [et_pb_line_break_holder] -->  <!\u2013- [et_pb_br_holder] -\u2013><!-- [et_pb_line_break_holder] --><!-- [et_pb_line_break_holder] --><input type=\"hidden\" id=\"cf_turnstile_token\" name=\"cf_turnstile_token\" value=\"\" \/><!-- [et_pb_line_break_holder] -->\u00a0<!-- [et_pb_line_break_holder] -->  <input id=\"formSubmit\" type=\"submit\" name=\"submit\" value=\"Send\"\u00a0 \/><!-- [et_pb_line_break_holder] --><pee id=\"captchaMsg\" style=\"display:none; color:#c0392b; font-size:13px; margin-top:6px;\"><!-- [et_pb_line_break_holder] -->  Please complete the anti-robot check before submitting the form.<!-- [et_pb_line_break_holder] --><\/pee><!-- [et_pb_line_break_holder] --><!-- [et_pb_line_break_holder] --><\/form>\n<p><!-- [et_pb_line_break_holder] --><!-- [et_pb_line_break_holder] --><script><!-- [et_pb_line_break_holder] -->  \/\/ Disable submit until Turnstile succeeds<!-- [et_pb_line_break_holder] -->  (function () {<!-- [et_pb_line_break_holder] -->    const btn = document.getElementById(\"formSubmit\");<!-- [et_pb_line_break_holder] -->    const tokenField = document.getElementById(\"cf_turnstile_token\"); <!-- [et_pb_line_break_holder] -->const msg = document.getElementById(\"captchaMsg\");<!-- [et_pb_line_break_holder] -->\u00a0<!-- [et_pb_line_break_holder] -->window.onTurnstileSuccess = function (token) {<!-- [et_pb_line_break_holder] -->\u00a0 tokenField.value = token || \"\";<!-- [et_pb_line_break_holder] -->};<!-- [et_pb_line_break_holder] --><!-- [et_pb_line_break_holder] -->    window.onTurnstileExpired = function () {<!-- [et_pb_line_break_holder] -->\u00a0 tokenField.value = \"\";<!-- [et_pb_line_break_holder] -->};<!-- [et_pb_line_break_holder] --><!-- [et_pb_line_break_holder] -->    window.onTurnstileError = function () {<!-- [et_pb_line_break_holder] -->\u00a0 tokenField.value = \"\";<!-- [et_pb_line_break_holder] -->};<!-- [et_pb_line_break_holder] --><!-- [et_pb_line_break_holder] -->\/\/ Extra safety: prevent submit if token missing<!-- [et_pb_line_break_holder] -->    document.getElementById(\"cfForm\").addEventListener(\"submit\", function (e) {<!-- [et_pb_line_break_holder] -->\u00a0 if (!tokenField.value) {<!-- [et_pb_line_break_holder] -->\u00a0 \u00a0 e.preventDefault();<!-- [et_pb_line_break_holder] -->\u00a0 \u00a0 msg.style.display = \"block\";<!-- [et_pb_line_break_holder] -->\u00a0 }<!-- [et_pb_line_break_holder] -->  });<!-- [et_pb_line_break_holder] -->  })();<!-- [et_pb_line_break_holder] --><\/script><!-- [et_pb_line_break_holder] -->[\/et_pb_code][\/et_pb_column][et_pb_column type=&#8221;1_3&#8243; _builder_version=&#8221;4.16&#8243; custom_padding=&#8221;60px|60px|60px||true|false&#8221; custom_padding_tablet=&#8221;0px||0px|60px|false|false&#8221; custom_padding_phone=&#8221;|30px||30px|false|false&#8221; custom_padding_last_edited=&#8221;on|desktop&#8221; global_colors_info=&#8221;{}&#8221;][et_pb_image src=&#8221;https:\/\/carrefourfamilial.com\/wp-content\/uploads\/CFH-carte.png&#8221; title_text=&#8221;CFH carte&#8221; _builder_version=&#8221;4.16&#8243; _module_preset=&#8221;default&#8221; global_colors_info=&#8221;{}&#8221;][\/et_pb_image][\/et_pb_column][\/et_pb_row][\/et_pb_section][et_pb_section fb_built=&#8221;1&#8243; admin_label=&#8221;Footer&#8221; _builder_version=&#8221;4.8.1&#8243; background_color=&#8221;rgba(0,0,0,0.1)&#8221; global_module=&#8221;49671&#8243; saved_tabs=&#8221;all&#8221; locked=&#8221;off&#8221; global_colors_info=&#8221;{}&#8221;][et_pb_row column_structure=&#8221;1_3,1_3,1_3&#8243; _builder_version=&#8221;4.16&#8243; custom_padding=&#8221;||24px|||&#8221; global_colors_info=&#8221;{}&#8221;][et_pb_column type=&#8221;1_3&#8243; _builder_version=&#8221;4.21.0&#8243; _module_preset=&#8221;default&#8221; global_colors_info=&#8221;{}&#8221;][et_pb_text _builder_version=&#8221;4.16&#8243; text_font_size=&#8221;16px&#8221; text_line_height=&#8221;1.4em&#8221; link_font=&#8221;||||on||||&#8221; link_text_color=&#8221;#3f3fff&#8221; header_font=&#8221;||||||||&#8221; header_4_line_height=&#8221;1.4em&#8221; max_width=&#8221;800px&#8221; custom_margin=&#8221;||1px||false|false&#8221; header_4_font_size_tablet=&#8221;16px&#8221; header_4_font_size_phone=&#8221;14px&#8221; header_4_font_size_last_edited=&#8221;on|desktop&#8221; locked=&#8221;off&#8221; global_colors_info=&#8221;{}&#8221;]<\/p>\n<h4>Address<\/h4>\n<p>Carrefour Familial Hochelaga<br \/>1611, avenue d&#8217;Orl\u00e9ans<br \/>Montr\u00e9al (Qu\u00e9bec)<br \/>H1W 3R4<\/p>\n<p>[\/et_pb_text][\/et_pb_column][et_pb_column type=&#8221;1_3&#8243; _builder_version=&#8221;4.16&#8243; global_colors_info=&#8221;{}&#8221;][et_pb_text admin_label=&#8221;Texte&#8221; _builder_version=&#8221;4.27.3&#8243; text_font_size=&#8221;16px&#8221; text_line_height=&#8221;1.4em&#8221; link_font=&#8221;||||||||&#8221; link_text_color=&#8221;#131E29&#8243; header_font=&#8221;||||||||&#8221; header_4_line_height=&#8221;1.4em&#8221; max_width=&#8221;800px&#8221; custom_margin=&#8221;||-2px|||&#8221; header_4_font_size_tablet=&#8221;16px&#8221; header_4_font_size_phone=&#8221;14px&#8221; header_4_font_size_last_edited=&#8221;on|desktop&#8221; locked=&#8221;off&#8221; global_colors_info=&#8221;{}&#8221;]<\/p>\n<h4>Contact<\/h4>\n<p>Phone: <span style=\"text-decoration: underline;\"><a href=\"tel:5145239283\">514 523-9283<\/a><\/span><br \/><span style=\"text-decoration: underline;\"><a href=\"mailto:info@carrefourfamilial.com\">info@carrefourfamilial.com<\/a><\/span><\/p>\n<p><span style=\"text-decoration: underline;\"><a href=\"http:\/\/eepurl.com\/h5T-cr\" target=\"_blank\" rel=\"noopener\"><span>Sign up for the newsletter by clicking here.<\/span><\/a><\/span><\/p>\n<p>[\/et_pb_text][et_pb_text _builder_version=&#8221;4.16&#8243; text_line_height=&#8221;1.4em&#8221; link_font=&#8221;||||on||||&#8221; link_text_color=&#8221;#3f3fff&#8221; header_font=&#8221;||||||||&#8221; header_4_line_height=&#8221;1.4em&#8221; max_width=&#8221;800px&#8221; custom_margin=&#8221;||1px|||&#8221; custom_padding=&#8221;||0px|||&#8221; header_4_font_size_tablet=&#8221;16px&#8221; header_4_font_size_phone=&#8221;14px&#8221; header_4_font_size_last_edited=&#8221;on|desktop&#8221; locked=&#8221;off&#8221; global_colors_info=&#8221;{}&#8221;]<\/p>\n<p><a href=\"https:\/\/www.instagram.com\/carrefourfamilialhochelaga\/\" target=\"_blank\" rel=\"noopener noreferrer\"><img decoding=\"async\" class=\"alignnone wp-image-51934\" src=\"https:\/\/carrefourfamilial.com\/wp-content\/uploads\/Instagram-Glyph-Black-Logo.wine-01-150x150.png\" alt=\"\" width=\"35\" height=\"34\" \/><\/a> \u00a0 <a href=\"https:\/\/www.facebook.com\/carrefourfamilialhochelaga\" target=\"_blank\" rel=\"noopener\"><img decoding=\"async\" class=\"alignnone wp-image-51941 size-full\" src=\"https:\/\/carrefourfamilial.com\/wp-content\/uploads\/iconmonstr-facebook-5-01-1.png\" alt=\"\" width=\"36\" height=\"36\" \/><\/a><\/p>\n<p>[\/et_pb_text][\/et_pb_column][et_pb_column type=&#8221;1_3&#8243; _builder_version=&#8221;4.16&#8243; global_colors_info=&#8221;{}&#8221;][et_pb_text admin_label=&#8221;Text&#8221; _builder_version=&#8221;4.27.0&#8243; text_font_size=&#8221;16px&#8221; text_line_height=&#8221;1.4em&#8221; link_font=&#8221;||||||||&#8221; link_text_color=&#8221;#131E29&#8243; header_font=&#8221;||||||||&#8221; header_4_line_height=&#8221;1.4em&#8221; max_width=&#8221;800px&#8221; header_4_font_size_tablet=&#8221;16px&#8221; header_4_font_size_phone=&#8221;14px&#8221; header_4_font_size_last_edited=&#8221;on|desktop&#8221; locked=&#8221;off&#8221; global_colors_info=&#8221;{}&#8221;]<\/p>\n<h4>Menu<\/h4>\n<p><a href=\"https:\/\/carrefourfamilial.com\/en\/about\/\">About<\/a><br \/><a href=\"https:\/\/carrefourfamilial.com\/en\/activities\/\">Programs<\/a><br \/><a href=\"https:\/\/carrefourfamilial.com\/en\/become-a-volunteer\/\">Become a volunteer<\/a><\/p>\n<p>[\/et_pb_text][et_pb_button button_url=&#8221;https:\/\/carrefourfamilial.com\/en\/make-a-donation\/&#8221; button_text=&#8221;Make a donation&#8221; button_alignment=&#8221;left&#8221; _builder_version=&#8221;4.27.5&#8243; custom_button=&#8221;on&#8221; button_text_size=&#8221;16px&#8221; button_text_color=&#8221;#003087&#8243; button_bg_color=&#8221;#B1D235&#8243; button_border_width=&#8221;0px&#8221; button_border_radius=&#8221;20px&#8221; button_font=&#8221;baloo-tammudu-bld|||on|||||&#8221; button_use_icon=&#8221;off&#8221; custom_padding=&#8221;12px|12px|3px|12px|false|false&#8221; locked=&#8221;off&#8221; global_colors_info=&#8221;{}&#8221;][\/et_pb_button][\/et_pb_column][\/et_pb_row][\/et_pb_section]<\/p>\n","protected":false},"excerpt":{"rendered":"<p>Contact usCarrefour Familial Hochelaga Phone514 523-9283 Address1611, avenue d\u2019Orl\u00e9ansMontr\u00e9al (Qu\u00e9bec) H1W 3R4 Emailinfo@carrefourfamilial.com Follow usAddress Carrefour Familial Hochelaga1611, avenue d&#8217;Orl\u00e9ansMontr\u00e9al (Qu\u00e9bec)H1W 3R4Contact Phone: 514 523-9283info@carrefourfamilial.com Sign up for the newsletter by clicking here. \u00a0 Menu AboutProgramsBecome a volunteer<\/p>\n","protected":false},"author":17,"featured_media":0,"parent":0,"menu_order":0,"comment_status":"closed","ping_status":"closed","template":"","meta":{"_et_pb_use_builder":"on","_et_pb_old_content":"","_et_gb_content_width":"","footnotes":""},"class_list":["post-56654","page","type-page","status-publish","hentry"],"_links":{"self":[{"href":"https:\/\/carrefourfamilial.com\/en\/wp-json\/wp\/v2\/pages\/56654","targetHints":{"allow":["GET"]}}],"collection":[{"href":"https:\/\/carrefourfamilial.com\/en\/wp-json\/wp\/v2\/pages"}],"about":[{"href":"https:\/\/carrefourfamilial.com\/en\/wp-json\/wp\/v2\/types\/page"}],"author":[{"embeddable":true,"href":"https:\/\/carrefourfamilial.com\/en\/wp-json\/wp\/v2\/users\/17"}],"replies":[{"embeddable":true,"href":"https:\/\/carrefourfamilial.com\/en\/wp-json\/wp\/v2\/comments?post=56654"}],"version-history":[{"count":9,"href":"https:\/\/carrefourfamilial.com\/en\/wp-json\/wp\/v2\/pages\/56654\/revisions"}],"predecessor-version":[{"id":56772,"href":"https:\/\/carrefourfamilial.com\/en\/wp-json\/wp\/v2\/pages\/56654\/revisions\/56772"}],"wp:attachment":[{"href":"https:\/\/carrefourfamilial.com\/en\/wp-json\/wp\/v2\/media?parent=56654"}],"curies":[{"name":"wp","href":"https:\/\/api.w.org\/{rel}","templated":true}]}}