{"id":56664,"date":"2026-05-14T10:17:53","date_gmt":"2026-05-14T14:17:53","guid":{"rendered":"https:\/\/carrefourfamilial.com\/partner-organizations\/"},"modified":"2026-05-14T10:17:53","modified_gmt":"2026-05-14T14:17:53","slug":"partner-organizations","status":"publish","type":"page","link":"https:\/\/carrefourfamilial.com\/en\/partner-organizations\/","title":{"rendered":"Partner organizations"},"content":{"rendered":"<p>[et_pb_section fb_built=&#8221;1&#8243; fullwidth=&#8221;on&#8221; admin_label=&#8221;Header&#8221; _builder_version=&#8221;4.16&#8243; background_enable_color=&#8221;off&#8221; background_enable_image=&#8221;off&#8221; parallax=&#8221;on&#8221; custom_padding=&#8221;0px|0|0px|0px|false|false&#8221; global_colors_info=&#8221;{}&#8221;][et_pb_fullwidth_header text_orientation=&#8221;center&#8221; content_max_width=&#8221;99%&#8221; admin_label=&#8221;Fullwidth Header&#8221; _builder_version=&#8221;4.16&#8243; title_font=&#8221;Baloo Tammudu||||||||&#8221; title_text_align=&#8221;center&#8221; title_font_size=&#8221;80px&#8221; title_line_height=&#8221;0.9em&#8221; content_font=&#8221;Open Sans||||||||&#8221; content_text_align=&#8221;center&#8221; content_line_height=&#8221;1.8em&#8221; background_color=&#8221;rgba(0,0,0,0)&#8221; use_background_color_gradient=&#8221;on&#8221; background_color_gradient_direction=&#8221;140deg&#8221; background_color_gradient_stops=&#8221;rgba(0,0,0,0.9) 0%|rgba(80,103,147,0.5) 100%&#8221; background_color_gradient_start=&#8221;rgba(0,0,0,0.9)&#8221; background_color_gradient_end=&#8221;rgba(80,103,147,0.5)&#8221; background_image=&#8221;https:\/\/carrefourfamilial.com\/wp-content\/uploads\/Carrefour-familial_5.jpg&#8221; custom_button_one=&#8221;on&#8221; button_one_text_size=&#8221;14px&#8221; button_one_bg_color=&#8221;#ff6d29&#8243; button_one_border_color=&#8221;rgba(0,0,0,0)&#8221; button_one_border_radius=&#8221;0px&#8221; button_one_letter_spacing=&#8221;1px&#8221; button_one_font=&#8221;|700||on|||||&#8221; button_one_custom_padding=&#8221;16px|28px|16px|28px|true|true&#8221; custom_button_two=&#8221;on&#8221; button_two_text_size=&#8221;14px&#8221; button_two_border_width=&#8221;2px&#8221; button_two_border_radius=&#8221;0px&#8221; button_two_letter_spacing=&#8221;1px&#8221; button_two_font=&#8221;|700||on|||||&#8221; button_two_custom_padding=&#8221;16px|28px|16px|28px|true|true&#8221; width=&#8221;100%&#8221; max_width=&#8221;100%&#8221; min_height=&#8221;365px&#8221; custom_margin=&#8221;|||&#8221; custom_padding=&#8221;4vw||7vw||false|false&#8221; custom_padding_tablet=&#8221;||||false|false&#8221; custom_padding_phone=&#8221;|||&#8221; custom_padding_last_edited=&#8221;off|phone&#8221; title_font_size_tablet=&#8221;54px&#8221; title_font_size_phone=&#8221;34px&#8221; title_font_size_last_edited=&#8221;on|phone&#8221; content_font_size_tablet=&#8221;&#8221; content_font_size_phone=&#8221;16px&#8221; content_font_size_last_edited=&#8221;on|phone&#8221; custom_css_header_container=&#8221;max-width: 1080px;||width: 100%;&#8221; title_text_shadow_style=&#8221;preset3&#8243; button_one_border_color_hover=&#8221;#ff8a3d&#8221; button_one_border_radius_hover=&#8221;100px&#8221; button_one_letter_spacing_hover=&#8221;5px&#8221; button_one_bg_color_hover=&#8221;#ff8a3d&#8221; global_colors_info=&#8221;{}&#8221; button_one_text_size__hover_enabled=&#8221;off&#8221; button_two_text_size__hover_enabled=&#8221;off&#8221; button_one_text_color__hover_enabled=&#8221;off&#8221; button_two_text_color__hover_enabled=&#8221;off&#8221; button_one_border_width__hover_enabled=&#8221;off&#8221; button_two_border_width__hover_enabled=&#8221;off&#8221; button_one_border_color__hover_enabled=&#8221;off&#8221; button_one_border_color__hover=&#8221;#ff8a3d&#8221; button_two_border_color__hover_enabled=&#8221;off&#8221; button_one_border_radius__hover_enabled=&#8221;off&#8221; button_one_border_radius__hover=&#8221;100px&#8221; button_two_border_radius__hover_enabled=&#8221;off&#8221; button_one_letter_spacing__hover_enabled=&#8221;off&#8221; button_one_letter_spacing__hover=&#8221;5px&#8221; button_two_letter_spacing__hover_enabled=&#8221;off&#8221; button_one_bg_color__hover_enabled=&#8221;off&#8221; button_one_bg_color__hover=&#8221;#ff8a3d&#8221; button_two_bg_color__hover_enabled=&#8221;off&#8221;][\/et_pb_fullwidth_header][\/et_pb_section][et_pb_section fb_built=&#8221;1&#8243; admin_label=&#8221;About&#8221; _builder_version=&#8221;4.16&#8243; background_color=&#8221;rgba(0,0,0,0)&#8221; custom_padding=&#8221;||45px||false|false&#8221; global_colors_info=&#8221;{}&#8221;][et_pb_row custom_padding_last_edited=&#8221;on|desktop&#8221; _builder_version=&#8221;4.16&#8243; background_color=&#8221;#ffffff&#8221; custom_margin=&#8221;-5vw|auto||auto|false|false&#8221; custom_margin_tablet=&#8221;-15vw||||false|false&#8221; custom_margin_phone=&#8221;&#8221; custom_margin_last_edited=&#8221;on|desktop&#8221; custom_padding=&#8221;||11px|||&#8221; custom_padding_tablet=&#8221;&#8221; custom_padding_phone=&#8221;&#8221; border_radii=&#8221;on|40px|40px|40px|40px&#8221; box_shadow_style=&#8221;preset3&#8243; box_shadow_horizontal=&#8221;13px&#8221; box_shadow_vertical=&#8221;38px&#8221; box_shadow_blur=&#8221;50px&#8221; box_shadow_spread=&#8221;0px&#8221; box_shadow_color=&#8221;rgba(133,143,175,0.2)&#8221; global_colors_info=&#8221;{}&#8221; custom_margin__hover_enabled=&#8221;off&#8221;][et_pb_column type=&#8221;4_4&#8243; _builder_version=&#8221;4.16&#8243; custom_padding=&#8221;60px|60px|60px|60px|true|true&#8221; custom_padding_tablet=&#8221;|60px|||true|false&#8221; custom_padding_phone=&#8221;|30px||30px|true|false&#8221; custom_padding_last_edited=&#8221;on|phone&#8221; global_colors_info=&#8221;{}&#8221;][et_pb_text admin_label=&#8221;Text&#8221; _builder_version=&#8221;4.21.0&#8243; text_font=&#8221;|300|||||||&#8221; header_text_color=&#8221;#003087&#8243; header_font_size=&#8221;60px&#8221; text_font_size_tablet=&#8221;&#8221; text_font_size_phone=&#8221;18px&#8221; text_font_size_last_edited=&#8221;on|phone&#8221; text_line_height_tablet=&#8221;&#8221; text_line_height_phone=&#8221;1.6em&#8221; text_line_height_last_edited=&#8221;on|desktop&#8221; header_font_size_tablet=&#8221;&#8221; header_font_size_phone=&#8221;40px&#8221; header_font_size_last_edited=&#8221;on|phone&#8221; locked=&#8221;off&#8221; global_colors_info=&#8221;{}&#8221;]<\/p>\n<h1 style=\"text-align: center;\">Partner organizations<\/h1>\n<p>[\/et_pb_text][et_pb_text _builder_version=&#8221;4.16&#8243; text_font=&#8221;|300|||||||&#8221; text_font_size=&#8221;22px&#8221; text_font_size_tablet=&#8221;&#8221; text_font_size_phone=&#8221;18px&#8221; text_font_size_last_edited=&#8221;on|phone&#8221; text_line_height_tablet=&#8221;&#8221; text_line_height_phone=&#8221;1.6em&#8221; text_line_height_last_edited=&#8221;on|desktop&#8221; locked=&#8221;off&#8221; global_colors_info=&#8221;{}&#8221;]<\/p>\n<p>At Carrefour Familial Hochelaga, we believe in the value of working together. Whether it\u2019s for one-off initiatives or longer-term partnerships, working with the organizations below inspires us and helps us grow.<br \/>Thank you for helping us fully carry out our mission! <\/p>\n<p>[\/et_pb_text][\/et_pb_column][\/et_pb_row][\/et_pb_section][et_pb_section fb_built=&#8221;1&#8243; admin_label=&#8221;About&#8221; _builder_version=&#8221;4.16&#8243; background_color=&#8221;rgba(0,0,0,0)&#8221; custom_padding=&#8221;45px||0px||false|false&#8221; locked=&#8221;off&#8221; global_colors_info=&#8221;{}&#8221;][et_pb_row column_structure=&#8221;1_2,1_2&#8243; _builder_version=&#8221;4.16&#8243; _module_preset=&#8221;default&#8221; custom_padding=&#8221;0px|||||&#8221; global_colors_info=&#8221;{}&#8221;][et_pb_column type=&#8221;1_2&#8243; _builder_version=&#8221;4.16&#8243; _module_preset=&#8221;default&#8221; global_colors_info=&#8221;{}&#8221;][et_pb_text _builder_version=&#8221;4.21.0&#8243; text_font=&#8221;|300|||||||&#8221; hover_enabled=&#8221;0&#8243; text_font_size_tablet=&#8221;&#8221; text_font_size_phone=&#8221;18px&#8221; text_font_size_last_edited=&#8221;on|phone&#8221; text_line_height_tablet=&#8221;&#8221; text_line_height_phone=&#8221;1.6em&#8221; text_line_height_last_edited=&#8221;on|desktop&#8221; locked=&#8221;off&#8221; global_colors_info=&#8221;{}&#8221; sticky_enabled=&#8221;0&#8243;]<\/p>\n<p><a href=\"https:\/\/www.accestravail.qc.ca\/\" target=\"_blank\" rel=\"noopener\">Acc\u00e8s Travail Montr\u00e9al<\/a><br \/><a href=\"https:\/\/www.batirsonquartier.com\/\" target=\"_blank\" rel=\"noopener\">Building your neighbourhood<\/a><br \/>Camp Saint-Urbain<br \/>Camp P&#8217;tits Bonheurs<br \/><a href=\"https:\/\/cjehm.org\/\" target=\"_blank\" rel=\"noopener\">Carrefour jeunesse-emploi Hochelaga-Maisonneuve (CJEHM)<\/a><br \/><a href=\"http:\/\/www.la-casa-bernard-hubert.org\/\" target=\"_blank\" rel=\"noopener\">Casa Bernard-Hubert<\/a><br \/><a href=\"https:\/\/centre-champagnat.cssdm.gouv.qc.ca\/centre\/\" target=\"_blank\" rel=\"noopener\">Champagnat Centre of the CSDM<\/a><br \/><a href=\"https:\/\/www.crhmontreal.ca\/\" target=\"_blank\" rel=\"noopener\">Montreal Men\u2019s Resource Centre<\/a><br \/><a href=\"https:\/\/chicrestopop.com\/\" target=\"_blank\" rel=\"noopener\">Chic Resto Pop<\/a><br \/><a href=\"https:\/\/ciusss-estmtl.gouv.qc.ca\/\" target=\"_blank\" rel=\"noopener\">CIUSSS de l&#8217;Est-de-l&#8217;\u00cele-de-Montr\u00e9al<\/a><br \/><a href=\"https:\/\/www.coopere.ca\/\" target=\"_blank\" rel=\"noopener\">CooP\u00c8RE Rosemont<\/a><br \/><a href=\"https:\/\/lacchm.com\/\" target=\"_blank\" rel=\"noopener\">Cuisine collective Hochelaga-Maisonneuve<\/a><br \/>Youth Protection (DPJ) CJM-IU<br \/><a href=\"https:\/\/entremamans.qc.ca\/\" target=\"_blank\" rel=\"noopener\">Between moms and dads<\/a><br \/><a href=\"https:\/\/fqocf.org\/\" target=\"_blank\" rel=\"noopener\">Quebec Federation of Family Community Organizations (FQOCF)<\/a><br \/><a href=\"https:\/\/delavisite.org\/\" target=\"_blank\" rel=\"noopener\">Fondation de la visite<\/a><\/p>\n<p>[\/et_pb_text][\/et_pb_column][et_pb_column type=&#8221;1_2&#8243; _builder_version=&#8221;4.16&#8243; _module_preset=&#8221;default&#8221; global_colors_info=&#8221;{}&#8221;][et_pb_text _builder_version=&#8221;4.21.0&#8243; text_font=&#8221;|300|||||||&#8221; text_font_size_tablet=&#8221;&#8221; text_font_size_phone=&#8221;18px&#8221; text_font_size_last_edited=&#8221;on|phone&#8221; text_line_height_tablet=&#8221;&#8221; text_line_height_phone=&#8221;1.6em&#8221; text_line_height_last_edited=&#8221;on|desktop&#8221; locked=&#8221;off&#8221; global_colors_info=&#8221;{}&#8221;]<\/p>\n<p>Cafalaga Daycare<br \/><a href=\"https:\/\/hochelegal.ca\/\" target=\"_blank\" rel=\"noopener\">Hoch&#8217;L\u00e9gal<\/a><br \/><a href=\"https:\/\/jepassepartout.org\/\" target=\"_blank\" rel=\"noopener\">Je passe partout<\/a><br \/><a href=\"https:\/\/www.anonyme.ca\/\" target=\"_blank\" rel=\"noopener\">L&#8217;anonyme<\/a><br \/><a href=\"https:\/\/www.shapem.org\/\" target=\"_blank\" rel=\"noopener\">Soci\u00e9t\u00e9 d&#8217;habitation populaire de l&#8217;Est de Montr\u00e9al (SHAPEM)<\/a><br \/><a href=\"https:\/\/www.ltqhm.org\/\" target=\"_blank\" rel=\"noopener\">Hochelaga-Maisonneuve Neighbourhood Round Table<\/a><br \/><a href=\"https:\/\/meresavecpouvoir.org\/Accueil\" target=\"_blank\" rel=\"noopener\">M\u00e8res avec pouvoir<\/a><br \/><a href=\"https:\/\/www.moissonmontreal.org\/\" target=\"_blank\" rel=\"noopener\">Moisson Montr\u00e9al<\/a><br \/><a href=\"https:\/\/www.omhm.qc.ca\/fr\/\" target=\"_blank\" rel=\"noopener\">Montreal Municipal Housing Office (OMHM)<\/a><br \/>Operation Santa Claus<br \/><a href=\"https:\/\/www.pechm.org\/\" target=\"_blank\" rel=\"noopener\">Community Education Pavilion (PEC)<\/a><br \/><a href=\"https:\/\/www.peres-separes.qc.ca\/\" target=\"_blank\" rel=\"noopener\">P\u00e8res S\u00e9par\u00e9s Inc.<\/a><br \/><a href=\"https:\/\/petitsbonheurs.ca\/\" target=\"_blank\" rel=\"noopener\">Petits bonheurs<\/a><br \/><a href=\"https:\/\/primadanse.com\/\" target=\"_blank\" rel=\"noopener\">Prima-Danse<\/a><br \/><a href=\"https:\/\/www.rechaudbus.org\/\" target=\"_blank\" rel=\"noopener\">R\u00e9chaud-bus<\/a><br \/><a href=\"https:\/\/www.repitprovidence.com\/fr\" target=\"_blank\" rel=\"noopener\">R\u00e9pit-Providence<\/a><br \/><a href=\"https:\/\/maisonsoxygene.ca\/\" target=\"_blank\" rel=\"noopener\">R\u00e9seau Maisons Oxyg\u00e8ne<\/a><\/p>\n<p>[\/et_pb_text][\/et_pb_column][\/et_pb_row][\/et_pb_section][et_pb_section fb_built=&#8221;1&#8243; admin_label=&#8221;Footer&#8221; _builder_version=&#8221;4.8.1&#8243; background_color=&#8221;rgba(0,0,0,0.1)&#8221; global_module=&#8221;49671&#8243; saved_tabs=&#8221;all&#8221; locked=&#8221;off&#8221; global_colors_info=&#8221;{}&#8221;][et_pb_row column_structure=&#8221;1_4,1_4,1_4,1_4&#8243; _builder_version=&#8221;4.16&#8243; custom_padding=&#8221;||24px|||&#8221; global_colors_info=&#8221;{}&#8221;][et_pb_column type=&#8221;1_4&#8243; _builder_version=&#8221;4.21.0&#8243; _module_preset=&#8221;default&#8221; global_colors_info=&#8221;{}&#8221;][et_pb_text _builder_version=&#8221;4.16&#8243; text_font_size=&#8221;16px&#8221; text_line_height=&#8221;1.4em&#8221; link_font=&#8221;||||on||||&#8221; link_text_color=&#8221;#3f3fff&#8221; header_font=&#8221;||||||||&#8221; header_4_line_height=&#8221;1.4em&#8221; max_width=&#8221;800px&#8221; custom_margin=&#8221;||1px||false|false&#8221; header_4_font_size_tablet=&#8221;16px&#8221; header_4_font_size_phone=&#8221;14px&#8221; header_4_font_size_last_edited=&#8221;on|desktop&#8221; locked=&#8221;off&#8221; global_colors_info=&#8221;{}&#8221;]<\/p>\n<h4>Address<\/h4>\n<p>Carrefour Familial Hochelaga<br \/>1611, avenue d&#8217;Orl\u00e9ans<br \/>Montr\u00e9al (Qu\u00e9bec)<br \/>H1W 3R4<\/p>\n<p>[\/et_pb_text][et_pb_button button_url=&#8221;https:\/\/carrefourfamilial.com\/en\/make-a-donation\/&#8221; button_text=&#8221;Donate&#8221; button_alignment=&#8221;left&#8221; _builder_version=&#8221;4.16&#8243; custom_button=&#8221;on&#8221; button_text_size=&#8221;16px&#8221; button_text_color=&#8221;#003087&#8243; button_bg_color=&#8221;#B1D235&#8243; button_border_width=&#8221;0px&#8221; button_border_radius=&#8221;20px&#8221; button_font=&#8221;baloo-tammudu-bld|||on|||||&#8221; button_use_icon=&#8221;off&#8221; custom_padding=&#8221;12px|12px|3px|12px|false|false&#8221; locked=&#8221;off&#8221; global_colors_info=&#8221;{}&#8221;][\/et_pb_button][\/et_pb_column][et_pb_column type=&#8221;1_4&#8243; _builder_version=&#8221;4.16&#8243; global_colors_info=&#8221;{}&#8221;][et_pb_text admin_label=&#8221;Texte&#8221; _builder_version=&#8221;4.16&#8243; text_font_size=&#8221;16px&#8221; text_line_height=&#8221;1.4em&#8221; link_font=&#8221;||||||||&#8221; link_text_color=&#8221;#131E29&#8243; header_font=&#8221;||||||||&#8221; header_4_line_height=&#8221;1.4em&#8221; max_width=&#8221;800px&#8221; custom_margin=&#8221;||-2px|||&#8221; header_4_font_size_tablet=&#8221;16px&#8221; header_4_font_size_phone=&#8221;14px&#8221; header_4_font_size_last_edited=&#8221;on|desktop&#8221; locked=&#8221;off&#8221; global_colors_info=&#8221;{}&#8221;]<\/p>\n<h4>Contact<\/h4>\n<p>Phone: 514 523-9283<br \/><a href=\"mailto:info@carrefourfamilial.com\">info@carrefourfamilial.com<\/a><\/p>\n<p>[\/et_pb_text][et_pb_text _builder_version=&#8221;4.16&#8243; text_line_height=&#8221;1.4em&#8221; link_font=&#8221;||||on||||&#8221; link_text_color=&#8221;#3f3fff&#8221; header_font=&#8221;||||||||&#8221; header_4_line_height=&#8221;1.4em&#8221; max_width=&#8221;800px&#8221; custom_margin=&#8221;||1px|||&#8221; custom_padding=&#8221;||0px|||&#8221; header_4_font_size_tablet=&#8221;16px&#8221; header_4_font_size_phone=&#8221;14px&#8221; header_4_font_size_last_edited=&#8221;on|desktop&#8221; locked=&#8221;off&#8221; global_colors_info=&#8221;{}&#8221;]<\/p>\n<p><a href=\"https:\/\/www.instagram.com\/carrefourfamilialhochelaga\/\" target=\"_blank\" rel=\"noopener noreferrer\"><img decoding=\"async\" class=\"alignnone wp-image-51934\" src=\"https:\/\/carrefourfamilial.com\/wp-content\/uploads\/Instagram-Glyph-Black-Logo.wine-01-150x150.png\" alt=\"\" width=\"35\" height=\"34\"><\/a>   <a href=\"https:\/\/www.facebook.com\/carrefourfamilialhochelaga\" target=\"_blank\" rel=\"noopener\"><img decoding=\"async\" class=\"alignnone wp-image-51941 size-full\" src=\"https:\/\/carrefourfamilial.com\/wp-content\/uploads\/iconmonstr-facebook-5-01-1.png\" alt=\"\" width=\"36\" height=\"36\"><\/a><\/p>\n<p>[\/et_pb_text][\/et_pb_column][et_pb_column type=&#8221;1_4&#8243; _builder_version=&#8221;4.16&#8243; global_colors_info=&#8221;{}&#8221;][et_pb_text admin_label=&#8221;Text&#8221; _builder_version=&#8221;4.21.0&#8243; text_font_size=&#8221;16px&#8221; text_line_height=&#8221;1.4em&#8221; link_font=&#8221;||||||||&#8221; link_text_color=&#8221;#131E29&#8243; header_font=&#8221;||||||||&#8221; header_4_line_height=&#8221;1.4em&#8221; max_width=&#8221;800px&#8221; header_4_font_size_tablet=&#8221;16px&#8221; header_4_font_size_phone=&#8221;14px&#8221; header_4_font_size_last_edited=&#8221;on|desktop&#8221; locked=&#8221;off&#8221; global_colors_info=&#8221;{}&#8221;]<\/p>\n<h4>Menu<\/h4>\n<p><a href=\"https:\/\/carrefourfamilial.com\/a-propos\/\">About<\/a><br \/><a href=\"https:\/\/carrefourfamilial.com\/ressources-externes-et-references\/\">Services<\/a><br \/><a href=\"https:\/\/carrefourfamilial.com\/en\/news-and-publications\/\">Publications<\/a><br \/><a href=\"https:\/\/carrefourfamilial.com\/devenez-benevole\/\">Become a volunteer<\/a><\/p>\n<p>[\/et_pb_text][\/et_pb_column][et_pb_column type=&#8221;1_4&#8243; _builder_version=&#8221;4.16&#8243; global_colors_info=&#8221;{}&#8221;][et_pb_image src=&#8221;https:\/\/carrefourfamilial.com\/wp-content\/uploads\/Carrfour_hochelaga_mapRA2019.png&#8221; title_text=&#8221;Carrfour_hochelaga_mapRA2019&#8243; _builder_version=&#8221;4.16&#8243; _module_preset=&#8221;default&#8221; width=&#8221;200px&#8221; global_colors_info=&#8221;{}&#8221;][\/et_pb_image][\/et_pb_column][\/et_pb_row][et_pb_row column_structure=&#8221;2_3,1_3&#8243; _builder_version=&#8221;4.21.0&#8243; _module_preset=&#8221;default&#8221; custom_margin=&#8221;0px||||false|false&#8221; custom_padding=&#8221;0px||||false|false&#8221; global_colors_info=&#8221;{}&#8221;][et_pb_column type=&#8221;2_3&#8243; _builder_version=&#8221;4.21.0&#8243; _module_preset=&#8221;default&#8221; global_colors_info=&#8221;{}&#8221;][et_pb_text _builder_version=&#8221;4.16&#8243; text_font=&#8221;||||||||&#8221; link_font=&#8221;||||||||&#8221; ul_font=&#8221;||||||||&#8221; ol_font=&#8221;||||||||&#8221; quote_font=&#8221;||||||||&#8221; header_font=&#8221;|700|||||||&#8221; header_text_color=&#8221;#ffffff&#8221; header_font_size=&#8221;44px&#8221; header_line_height=&#8221;1.2em&#8221; custom_margin=&#8221;||0px|&#8221; custom_padding=&#8221;8px||8px||true&#8221; header_font_size_tablet=&#8221;&#8221; header_font_size_phone=&#8221;35px&#8221; header_font_size_last_edited=&#8221;on|phone&#8221; global_colors_info=&#8221;{}&#8221;]<\/p>\n<h4>Privacy policy<\/h4>\n<p>Person in charge: Sylvie Paul <a href=\"mailto:rh@carrefourfamilial.com\">rh@carrefourfamilial.com<\/a><br \/>514 523-9283 ext. 106<\/p>\n<p>[\/et_pb_text][\/et_pb_column][et_pb_column type=&#8221;1_3&#8243; _builder_version=&#8221;4.21.0&#8243; _module_preset=&#8221;default&#8221; global_colors_info=&#8221;{}&#8221;][\/et_pb_column][\/et_pb_row][\/et_pb_section]<\/p>\n","protected":false},"excerpt":{"rendered":"<p>Partner organizationsAt Carrefour Familial Hochelaga, we believe in the value of working together. Whether it\u2019s for one-off initiatives or longer-term partnerships, working with the organizations below inspires us and helps us grow.Thank you for helping us fully carry out our mission! Acc\u00e8s Travail Montr\u00e9alBuilding your neighbourhoodCamp Saint-UrbainCamp P&#8217;tits BonheursCarrefour jeunesse-emploi Hochelaga-Maisonneuve (CJEHM)Casa Bernard-HubertChampagnat Centre of [&hellip;]<\/p>\n","protected":false},"author":17,"featured_media":0,"parent":0,"menu_order":0,"comment_status":"closed","ping_status":"closed","template":"","meta":{"_et_pb_use_builder":"on","_et_pb_old_content":"","_et_gb_content_width":"","footnotes":""},"class_list":["post-56664","page","type-page","status-publish","hentry"],"_links":{"self":[{"href":"https:\/\/carrefourfamilial.com\/en\/wp-json\/wp\/v2\/pages\/56664","targetHints":{"allow":["GET"]}}],"collection":[{"href":"https:\/\/carrefourfamilial.com\/en\/wp-json\/wp\/v2\/pages"}],"about":[{"href":"https:\/\/carrefourfamilial.com\/en\/wp-json\/wp\/v2\/types\/page"}],"author":[{"embeddable":true,"href":"https:\/\/carrefourfamilial.com\/en\/wp-json\/wp\/v2\/users\/17"}],"replies":[{"embeddable":true,"href":"https:\/\/carrefourfamilial.com\/en\/wp-json\/wp\/v2\/comments?post=56664"}],"version-history":[{"count":2,"href":"https:\/\/carrefourfamilial.com\/en\/wp-json\/wp\/v2\/pages\/56664\/revisions"}],"predecessor-version":[{"id":56666,"href":"https:\/\/carrefourfamilial.com\/en\/wp-json\/wp\/v2\/pages\/56664\/revisions\/56666"}],"wp:attachment":[{"href":"https:\/\/carrefourfamilial.com\/en\/wp-json\/wp\/v2\/media?parent=56664"}],"curies":[{"name":"wp","href":"https:\/\/api.w.org\/{rel}","templated":true}]}}