{"id":56696,"date":"2026-05-14T10:19:46","date_gmt":"2026-05-14T14:19:46","guid":{"rendered":"https:\/\/carrefourfamilial.com\/partners-and-donors\/"},"modified":"2026-05-14T10:19:51","modified_gmt":"2026-05-14T14:19:51","slug":"partners-and-donors","status":"publish","type":"page","link":"https:\/\/carrefourfamilial.com\/en\/partners-and-donors\/","title":{"rendered":"Partners and Donors"},"content":{"rendered":"<p>[et_pb_section fb_built=&#8221;1&#8243; fullwidth=&#8221;on&#8221; admin_label=&#8221;Header&#8221; _builder_version=&#8221;4.16&#8243; background_enable_color=&#8221;off&#8221; background_enable_image=&#8221;off&#8221; parallax=&#8221;on&#8221; custom_padding=&#8221;0px|0|0px|0px|false|false&#8221; global_colors_info=&#8221;{}&#8221;][et_pb_fullwidth_header text_orientation=&#8221;center&#8221; content_max_width=&#8221;99%&#8221; admin_label=&#8221;Fullwidth Header&#8221; _builder_version=&#8221;4.16&#8243; title_font=&#8221;||||||||&#8221; title_text_align=&#8221;center&#8221; title_font_size=&#8221;80px&#8221; title_line_height=&#8221;0.9em&#8221; content_font=&#8221;Open Sans||||||||&#8221; content_text_align=&#8221;center&#8221; content_line_height=&#8221;1.8em&#8221; background_color=&#8221;rgba(0,0,0,0)&#8221; use_background_color_gradient=&#8221;on&#8221; background_color_gradient_direction=&#8221;140deg&#8221; background_color_gradient_stops=&#8221;rgba(0,0,0,0.9) 0%|rgba(80,103,147,0.5) 100%&#8221; background_color_gradient_start=&#8221;rgba(0,0,0,0.9)&#8221; background_color_gradient_end=&#8221;rgba(80,103,147,0.5)&#8221; background_image=&#8221;https:\/\/carrefourfamilial.com\/wp-content\/uploads\/Oxygene_11-scaled.jpg&#8221; custom_button_one=&#8221;on&#8221; button_one_text_size=&#8221;14px&#8221; button_one_bg_color=&#8221;#ff6d29&#8243; button_one_border_color=&#8221;rgba(0,0,0,0)&#8221; button_one_border_radius=&#8221;0px&#8221; button_one_letter_spacing=&#8221;1px&#8221; button_one_font=&#8221;|700||on|||||&#8221; button_one_custom_padding=&#8221;16px|28px|16px|28px|true|true&#8221; custom_button_two=&#8221;on&#8221; button_two_text_size=&#8221;14px&#8221; button_two_border_width=&#8221;2px&#8221; button_two_border_radius=&#8221;0px&#8221; button_two_letter_spacing=&#8221;1px&#8221; button_two_font=&#8221;|700||on|||||&#8221; button_two_custom_padding=&#8221;16px|28px|16px|28px|true|true&#8221; width=&#8221;100%&#8221; max_width=&#8221;100%&#8221; min_height=&#8221;365px&#8221; custom_margin=&#8221;|||&#8221; custom_padding=&#8221;4vw||7vw||false|false&#8221; custom_padding_tablet=&#8221;||||false|false&#8221; custom_padding_phone=&#8221;|||&#8221; custom_padding_last_edited=&#8221;off|phone&#8221; title_font_size_tablet=&#8221;54px&#8221; title_font_size_phone=&#8221;34px&#8221; title_font_size_last_edited=&#8221;on|phone&#8221; content_font_size_tablet=&#8221;&#8221; content_font_size_phone=&#8221;16px&#8221; content_font_size_last_edited=&#8221;on|phone&#8221; custom_css_header_container=&#8221;max-width: 1080px;||width: 100%;&#8221; title_text_shadow_style=&#8221;preset3&#8243; button_one_border_color_hover=&#8221;#ff8a3d&#8221; button_one_border_radius_hover=&#8221;100px&#8221; button_one_letter_spacing_hover=&#8221;5px&#8221; button_one_bg_color_hover=&#8221;#ff8a3d&#8221; global_colors_info=&#8221;{}&#8221; button_one_text_size__hover_enabled=&#8221;off&#8221; button_two_text_size__hover_enabled=&#8221;off&#8221; button_one_text_color__hover_enabled=&#8221;off&#8221; button_two_text_color__hover_enabled=&#8221;off&#8221; button_one_border_width__hover_enabled=&#8221;off&#8221; button_two_border_width__hover_enabled=&#8221;off&#8221; button_one_border_color__hover_enabled=&#8221;off&#8221; button_one_border_color__hover=&#8221;#ff8a3d&#8221; button_two_border_color__hover_enabled=&#8221;off&#8221; button_one_border_radius__hover_enabled=&#8221;off&#8221; button_one_border_radius__hover=&#8221;100px&#8221; button_two_border_radius__hover_enabled=&#8221;off&#8221; button_one_letter_spacing__hover_enabled=&#8221;off&#8221; button_one_letter_spacing__hover=&#8221;5px&#8221; button_two_letter_spacing__hover_enabled=&#8221;off&#8221; button_one_bg_color__hover_enabled=&#8221;off&#8221; button_one_bg_color__hover=&#8221;#ff8a3d&#8221; button_two_bg_color__hover_enabled=&#8221;off&#8221;][\/et_pb_fullwidth_header][\/et_pb_section][et_pb_section fb_built=&#8221;1&#8243; admin_label=&#8221;About&#8221; _builder_version=&#8221;4.16&#8243; background_color=&#8221;rgba(0,0,0,0)&#8221; custom_padding=&#8221;||45px||false|false&#8221; global_colors_info=&#8221;{}&#8221;][et_pb_row custom_padding_last_edited=&#8221;on|desktop&#8221; _builder_version=&#8221;4.16&#8243; background_color=&#8221;#ffffff&#8221; custom_margin=&#8221;-5vw|auto||auto|false|false&#8221; custom_margin_tablet=&#8221;-15vw||||false|false&#8221; custom_margin_phone=&#8221;&#8221; custom_margin_last_edited=&#8221;on|desktop&#8221; custom_padding=&#8221;||11px|||&#8221; custom_padding_tablet=&#8221;&#8221; custom_padding_phone=&#8221;&#8221; border_radii=&#8221;on|40px|40px|40px|40px&#8221; box_shadow_style=&#8221;preset3&#8243; box_shadow_horizontal=&#8221;13px&#8221; box_shadow_vertical=&#8221;38px&#8221; box_shadow_blur=&#8221;50px&#8221; box_shadow_spread=&#8221;0px&#8221; box_shadow_color=&#8221;rgba(133,143,175,0.2)&#8221; global_colors_info=&#8221;{}&#8221; custom_margin__hover_enabled=&#8221;off&#8221;][et_pb_column type=&#8221;4_4&#8243; _builder_version=&#8221;4.16&#8243; custom_padding=&#8221;60px|60px|60px|60px|true|true&#8221; custom_padding_tablet=&#8221;|60px|||true|false&#8221; custom_padding_phone=&#8221;|30px||30px|true|false&#8221; custom_padding_last_edited=&#8221;on|phone&#8221; global_colors_info=&#8221;{}&#8221;][et_pb_text _builder_version=&#8221;4.16&#8243; text_font=&#8221;|300|||||||&#8221; header_text_color=&#8221;#003087&#8243; header_font_size=&#8221;60px&#8221; text_font_size_tablet=&#8221;&#8221; text_font_size_phone=&#8221;18px&#8221; text_font_size_last_edited=&#8221;on|phone&#8221; text_line_height_tablet=&#8221;&#8221; text_line_height_phone=&#8221;1.6em&#8221; text_line_height_last_edited=&#8221;on|desktop&#8221; header_font_size_tablet=&#8221;&#8221; header_font_size_phone=&#8221;40px&#8221; header_font_size_last_edited=&#8221;on|phone&#8221; locked=&#8221;off&#8221; global_colors_info=&#8221;{}&#8221;]<\/p>\n<h1 style=\"text-align: center;\">Financial Partners and Donors<\/h1>\n<p>[\/et_pb_text][et_pb_text admin_label=&#8221;Texte&#8221; _builder_version=&#8221;4.16&#8243; text_font=&#8221;|300|||||||&#8221; text_font_size=&#8221;22px&#8221; text_font_size_tablet=&#8221;&#8221; text_font_size_phone=&#8221;18px&#8221; text_font_size_last_edited=&#8221;on|phone&#8221; text_line_height_tablet=&#8221;&#8221; text_line_height_phone=&#8221;1.6em&#8221; text_line_height_last_edited=&#8221;on|desktop&#8221; locked=&#8221;off&#8221; global_colors_info=&#8221;{}&#8221;]<\/p>\n<p>Support, whether from individuals or organizations, is invaluable to Carrefour Familial Hochelaga. Each contribution has a concrete impact on the lives of families in Hochelaga-Maisonneuve by fostering their development and improving their quality of life. <\/p>\n<p>Every donation helps strengthen the confidence, knowledge, and independence of the parents and children who visit the organization.<\/p>\n<p>A huge <strong>THANK YOU<\/strong> for this precious generosity!<\/p>\n<p>[\/et_pb_text][\/et_pb_column][\/et_pb_row][\/et_pb_section][et_pb_section fb_built=&#8221;1&#8243; admin_label=&#8221;About&#8221; _builder_version=&#8221;4.16&#8243; background_color=&#8221;rgba(0,0,0,0)&#8221; custom_padding=&#8221;45px||0px||false|false&#8221; locked=&#8221;off&#8221; global_colors_info=&#8221;{}&#8221;][et_pb_row column_structure=&#8221;1_2,1_2&#8243; _builder_version=&#8221;4.16&#8243; _module_preset=&#8221;default&#8221; custom_padding=&#8221;0px|||||&#8221; global_colors_info=&#8221;{}&#8221;][et_pb_column type=&#8221;1_2&#8243; _builder_version=&#8221;4.16&#8243; _module_preset=&#8221;default&#8221; global_colors_info=&#8221;{}&#8221;][et_pb_text _builder_version=&#8221;4.16&#8243; text_font=&#8221;|300|||||||&#8221; header_2_text_color=&#8221;#B1D235&#8243; text_font_size_tablet=&#8221;&#8221; text_font_size_phone=&#8221;18px&#8221; text_font_size_last_edited=&#8221;on|phone&#8221; text_line_height_tablet=&#8221;&#8221; text_line_height_phone=&#8221;1.6em&#8221; text_line_height_last_edited=&#8221;on|desktop&#8221; locked=&#8221;off&#8221; global_colors_info=&#8221;{}&#8221;]<\/p>\n<h2>Individual and Planned Gifts<\/h2>\n<p>David Archambault, \u00c9liane Bergeron, Robert Cazavan, Christian Gagn\u00e9-Cholette, Thibault Fayelin, Jean Fortch, C\u00e9line Lavoie, Lyne Marchand, Lynda McGrath, Lyne Morin, Normand Ranger, Serge Reid, Jean-Pierre Turcot, Monique V\u00e9zina, Estate of F. Jacqueline Lallemand, Estate of Claude Lalonde.<\/p>\n<p>[\/et_pb_text][\/et_pb_column][et_pb_column type=&#8221;1_2&#8243; _builder_version=&#8221;4.16&#8243; _module_preset=&#8221;default&#8221; global_colors_info=&#8221;{}&#8221;][et_pb_text _builder_version=&#8221;4.16&#8243; text_font=&#8221;|300|||||||&#8221; header_2_text_color=&#8221;#B1D235&#8243; text_font_size_tablet=&#8221;&#8221; text_font_size_phone=&#8221;18px&#8221; text_font_size_last_edited=&#8221;on|phone&#8221; text_line_height_tablet=&#8221;&#8221; text_line_height_phone=&#8221;1.6em&#8221; text_line_height_last_edited=&#8221;on|desktop&#8221; locked=&#8221;off&#8221; global_colors_info=&#8221;{}&#8221;]<\/p>\n<h2>Corporate Donations<\/h2>\n<ul>\n<li>National Bank<\/li>\n<li>Blouin Tardif Architectes<\/li>\n<li>CanaDon<\/li>\n<li>C\u00e9gep Marie-Victorin<\/li>\n<li>Lallemand<\/li>\n<li>President&#8217;s Choice<\/li>\n<li>Lantic Sugar<\/li>\n<\/ul>\n<p>[\/et_pb_text][\/et_pb_column][\/et_pb_row][et_pb_row column_structure=&#8221;1_2,1_2&#8243; _builder_version=&#8221;4.16&#8243; _module_preset=&#8221;default&#8221; custom_padding=&#8221;0px|||||&#8221; global_colors_info=&#8221;{}&#8221;][et_pb_column type=&#8221;1_2&#8243; _builder_version=&#8221;4.16&#8243; _module_preset=&#8221;default&#8221; global_colors_info=&#8221;{}&#8221;][et_pb_text _builder_version=&#8221;4.16&#8243; text_font=&#8221;|300|||||||&#8221; header_2_text_color=&#8221;#B1D235&#8243; text_font_size_tablet=&#8221;&#8221; text_font_size_phone=&#8221;18px&#8221; text_font_size_last_edited=&#8221;on|phone&#8221; text_line_height_tablet=&#8221;&#8221; text_line_height_phone=&#8221;1.6em&#8221; text_line_height_last_edited=&#8221;on|desktop&#8221; locked=&#8221;off&#8221; global_colors_info=&#8221;{}&#8221;]<\/p>\n<h2>Religious Communities<\/h2>\n<ul>\n<li>R\u00e9gis Vermet<\/li>\n<li>Jesuits of Canada<\/li>\n<li>Marist Brothers<\/li>\n<li>Congr\u00e9gation Notre-Dame<\/li>\n<li>Brothers of St. Gabriel<\/li>\n<\/ul>\n<p>[\/et_pb_text][\/et_pb_column][et_pb_column type=&#8221;1_2&#8243; _builder_version=&#8221;4.16&#8243; _module_preset=&#8221;default&#8221; global_colors_info=&#8221;{}&#8221;][et_pb_text _builder_version=&#8221;4.16&#8243; text_font=&#8221;|300|||||||&#8221; header_2_text_color=&#8221;#B1D235&#8243; text_font_size_tablet=&#8221;&#8221; text_font_size_phone=&#8221;18px&#8221; text_font_size_last_edited=&#8221;on|phone&#8221; text_line_height_tablet=&#8221;&#8221; text_line_height_phone=&#8221;1.6em&#8221; text_line_height_last_edited=&#8221;on|desktop&#8221; locked=&#8221;off&#8221; global_colors_info=&#8221;{}&#8221;]<\/p>\n<h2>Foundations<\/h2>\n<ul>\n<li>Avenir d&#8217;enfants<\/li>\n<li>Centraide of Greater Montreal<\/li>\n<li>Hogg Foundation<\/li>\n<li>Marcelle and Jean Coutu Foundation<\/li>\n<li>McConnell Foundation<\/li>\n<li>Dr. Julien Foundation<\/li>\n<\/ul>\n<p>[\/et_pb_text][\/et_pb_column][\/et_pb_row][et_pb_row column_structure=&#8221;1_2,1_2&#8243; _builder_version=&#8221;4.16&#8243; _module_preset=&#8221;default&#8221; custom_padding=&#8221;0px|||||&#8221; global_colors_info=&#8221;{}&#8221;][et_pb_column type=&#8221;1_2&#8243; _builder_version=&#8221;4.16&#8243; _module_preset=&#8221;default&#8221; global_colors_info=&#8221;{}&#8221;][et_pb_text _builder_version=&#8221;4.16&#8243; text_font=&#8221;|300|||||||&#8221; header_2_text_color=&#8221;#B1D235&#8243; text_font_size_tablet=&#8221;&#8221; text_font_size_phone=&#8221;18px&#8221; text_font_size_last_edited=&#8221;on|phone&#8221; text_line_height_tablet=&#8221;&#8221; text_line_height_phone=&#8221;1.6em&#8221; text_line_height_last_edited=&#8221;on|desktop&#8221; locked=&#8221;off&#8221; global_colors_info=&#8221;{}&#8221;]<\/p>\n<h2>Government of Canada<\/h2>\n<ul>\n<li>Health Canada (PACE Program)<\/li>\n<li>Reaching Home Program<\/li>\n<\/ul>\n<p>[\/et_pb_text][\/et_pb_column][et_pb_column type=&#8221;1_2&#8243; _builder_version=&#8221;4.16&#8243; _module_preset=&#8221;default&#8221; global_colors_info=&#8221;{}&#8221;][et_pb_text _builder_version=&#8221;4.16&#8243; text_font=&#8221;|300|||||||&#8221; header_2_text_color=&#8221;#B1D235&#8243; text_font_size_tablet=&#8221;&#8221; text_font_size_phone=&#8221;18px&#8221; text_font_size_last_edited=&#8221;on|phone&#8221; text_line_height_tablet=&#8221;&#8221; text_line_height_phone=&#8221;1.6em&#8221; text_line_height_last_edited=&#8221;on|desktop&#8221; locked=&#8221;off&#8221; global_colors_info=&#8221;{}&#8221;]<\/p>\n<h2>Government of Quebec<\/h2>\n<ul>\n<li>Emploi-Qu\u00e9bec (Wage Subsidy and PAAS-Action Program)<\/li>\n<li>Minist\u00e8re de la Famille (Family Center and Drop-in Daycare)<\/li>\n<li>Minist\u00e8re de la Sant\u00e9 et des Services sociaux:\n<ul>\n<li>Community Organization Support Program (PSOC)<\/li>\n<li>Supportive Living Environments Program \u2014 Early Childhood<\/li>\n<li>YAPP<\/li>\n<li>Minist\u00e8re de l&#8217;\u00c9ducation (R\u00e9seau R\u00e9ussite Montr\u00e9al)<\/li>\n<\/ul>\n<p>[\/et_pb_text][\/et_pb_column][\/et_pb_row][et_pb_row column_structure=&#8221;1_2,1_2&#8243; _builder_version=&#8221;4.16&#8243; _module_preset=&#8221;default&#8221; custom_padding=&#8221;0px|||||&#8221; global_colors_info=&#8221;{}&#8221;][et_pb_column type=&#8221;1_2&#8243; _builder_version=&#8221;4.16&#8243; _module_preset=&#8221;default&#8221; global_colors_info=&#8221;{}&#8221;][et_pb_text _builder_version=&#8221;4.16&#8243; text_font=&#8221;|300|||||||&#8221; header_2_text_color=&#8221;#B1D235&#8243; text_font_size_tablet=&#8221;&#8221; text_font_size_phone=&#8221;18px&#8221; text_font_size_last_edited=&#8221;on|phone&#8221; text_line_height_tablet=&#8221;&#8221; text_line_height_phone=&#8221;1.6em&#8221; text_line_height_last_edited=&#8221;on|desktop&#8221; locked=&#8221;off&#8221; global_colors_info=&#8221;{}&#8221;]<\/p>\n<h2>Office of the Provincial Member of Parliament<\/h2>\n<ul>\n<li>Support for Volunteer Action<\/li>\n<\/ul>\n<p>[\/et_pb_text][\/et_pb_column][et_pb_column type=&#8221;1_2&#8243; _builder_version=&#8221;4.16&#8243; _module_preset=&#8221;default&#8221; global_colors_info=&#8221;{}&#8221;][et_pb_text _builder_version=&#8221;4.16&#8243; text_font=&#8221;|300|||||||&#8221; header_2_text_color=&#8221;#B1D235&#8243; text_font_size_tablet=&#8221;&#8221; text_font_size_phone=&#8221;18px&#8221; text_font_size_last_edited=&#8221;on|phone&#8221; text_line_height_tablet=&#8221;&#8221; text_line_height_phone=&#8221;1.6em&#8221; text_line_height_last_edited=&#8221;on|desktop&#8221; locked=&#8221;off&#8221; global_colors_info=&#8221;{}&#8221;]<\/p>\n<h2>City of Montreal, Mercier\u2013Hochelaga-Maisonneuve Borough<\/h2>\n<ul>\n<li>Alliances for Solidarity<\/li>\n<li>Childhood Policy<\/li>\n<\/ul>\n<p>[\/et_pb_text][\/et_pb_column][\/et_pb_row][et_pb_row column_structure=&#8221;1_4,1_4,1_4,1_4&#8243; make_equal=&#8221;on&#8221; _builder_version=&#8221;4.16&#8243; _module_preset=&#8221;default&#8221; custom_padding=&#8221;0px||0px|||&#8221; global_colors_info=&#8221;{}&#8221;][et_pb_column type=&#8221;1_4&#8243; module_class=&#8221;vertical-align&#8221; _builder_version=&#8221;4.16&#8243; _module_preset=&#8221;default&#8221; global_colors_info=&#8221;{}&#8221;][et_pb_image src=&#8221;https:\/\/carrefourfamilial.com\/wp-content\/uploads\/Ville-de-Montre\u0301al.jpg&#8221; title_text=&#8221;City of Montreal&#8221; _builder_version=&#8221;4.16&#8243; _module_preset=&#8221;default&#8221; global_colors_info=&#8221;{}&#8221;][\/et_pb_image][\/et_pb_column][et_pb_column type=&#8221;1_4&#8243; module_class=&#8221;vertical-align&#8221; _builder_version=&#8221;4.16&#8243; _module_preset=&#8221;default&#8221; global_colors_info=&#8221;{}&#8221;][et_pb_image src=&#8221;https:\/\/carrefourfamilial.com\/wp-content\/uploads\/QC.jpg&#8221; title_text=&#8221;QC&#8221; _builder_version=&#8221;4.16&#8243; _module_preset=&#8221;default&#8221; global_colors_info=&#8221;{}&#8221;][\/et_pb_image][\/et_pb_column][et_pb_column type=&#8221;1_4&#8243; module_class=&#8221;vertical-align&#8221; _builder_version=&#8221;4.16&#8243; _module_preset=&#8221;default&#8221; global_colors_info=&#8221;{}&#8221;][et_pb_image src=&#8221;https:\/\/carrefourfamilial.com\/wp-content\/uploads\/CIUSSS.jpg&#8221; title_text=&#8221;CIUSSS&#8221; _builder_version=&#8221;4.16&#8243; _module_preset=&#8221;default&#8221; global_colors_info=&#8221;{}&#8221;][\/et_pb_image][\/et_pb_column][et_pb_column type=&#8221;1_4&#8243; module_class=&#8221;vertical-align&#8221; _builder_version=&#8221;4.16&#8243; _module_preset=&#8221;default&#8221; global_colors_info=&#8221;{}&#8221;][et_pb_image src=&#8221;https:\/\/carrefourfamilial.com\/wp-content\/uploads\/canada.jpg&#8221; title_text=&#8221;Soci-t- canadienne d-hypoth-ques et de logement-Le ministre Ducl&#8221; _builder_version=&#8221;4.16&#8243; _module_preset=&#8221;default&#8221; global_colors_info=&#8221;{}&#8221;][\/et_pb_image][\/et_pb_column][\/et_pb_row][et_pb_row column_structure=&#8221;1_4,1_4,1_4,1_4&#8243; make_equal=&#8221;on&#8221; _builder_version=&#8221;4.16&#8243; _module_preset=&#8221;default&#8221; custom_padding=&#8221;0px||63px|||&#8221; global_colors_info=&#8221;{}&#8221;][et_pb_column type=&#8221;1_4&#8243; module_class=&#8221;vertical-align&#8221; _builder_version=&#8221;4.16&#8243; _module_preset=&#8221;default&#8221; global_colors_info=&#8221;{}&#8221;][et_pb_image src=&#8221;https:\/\/carrefourfamilial.com\/wp-content\/uploads\/Logo-Centraide-Francais-horizontal.jpg&#8221; title_text=&#8221;Logo-Centraide-Francais-horizontal&#8221; _builder_version=&#8221;4.16&#8243; _module_preset=&#8221;default&#8221; global_colors_info=&#8221;{}&#8221;][\/et_pb_image][\/et_pb_column][et_pb_column type=&#8221;1_4&#8243; module_class=&#8221;vertical-align&#8221; _builder_version=&#8221;4.16&#8243; _module_preset=&#8221;default&#8221; global_colors_info=&#8221;{}&#8221;][et_pb_image src=&#8221;https:\/\/carrefourfamilial.com\/wp-content\/uploads\/JC.jpg&#8221; title_text=&#8221;JC&#8221; _builder_version=&#8221;4.16&#8243; _module_preset=&#8221;default&#8221; global_colors_info=&#8221;{}&#8221;][\/et_pb_image][\/et_pb_column][et_pb_column type=&#8221;1_4&#8243; module_class=&#8221;vertical-align&#8221; _builder_version=&#8221;4.16&#8243; _module_preset=&#8221;default&#8221; global_colors_info=&#8221;{}&#8221;][et_pb_image src=&#8221;https:\/\/carrefourfamilial.com\/wp-content\/uploads\/download-1.png&#8221; title_text=&#8221;download (1)&#8221; _builder_version=&#8221;4.16&#8243; _module_preset=&#8221;default&#8221; global_colors_info=&#8221;{}&#8221;][\/et_pb_image][\/et_pb_column][et_pb_column type=&#8221;1_4&#8243; module_class=&#8221;vertical-align&#8221; _builder_version=&#8221;4.16&#8243; _module_preset=&#8221;default&#8221; global_colors_info=&#8221;{}&#8221;][\/et_pb_column][\/et_pb_row][\/et_pb_section][et_pb_section fb_built=&#8221;1&#8243; admin_label=&#8221;Footer&#8221; _builder_version=&#8221;4.8.1&#8243; background_color=&#8221;rgba(0,0,0,0.1)&#8221; global_module=&#8221;49671&#8243; saved_tabs=&#8221;all&#8221; locked=&#8221;off&#8221; global_colors_info=&#8221;{}&#8221;][et_pb_row column_structure=&#8221;1_3,1_3,1_3&#8243; _builder_version=&#8221;4.16&#8243; custom_padding=&#8221;||24px|||&#8221; global_colors_info=&#8221;{}&#8221;][et_pb_column type=&#8221;1_3&#8243; _builder_version=&#8221;4.21.0&#8243; _module_preset=&#8221;default&#8221; global_colors_info=&#8221;{}&#8221;][et_pb_text _builder_version=&#8221;4.16&#8243; text_font_size=&#8221;16px&#8221; text_line_height=&#8221;1.4em&#8221; link_font=&#8221;||||on||||&#8221; link_text_color=&#8221;#3f3fff&#8221; header_font=&#8221;||||||||&#8221; header_4_line_height=&#8221;1.4em&#8221; max_width=&#8221;800px&#8221; custom_margin=&#8221;||1px||false|false&#8221; header_4_font_size_tablet=&#8221;16px&#8221; header_4_font_size_phone=&#8221;14px&#8221; header_4_font_size_last_edited=&#8221;on|desktop&#8221; locked=&#8221;off&#8221; global_colors_info=&#8221;{}&#8221;]<\/p>\n<h4>Address<\/h4>\n<p>Carrefour Familial Hochelaga<br \/>1611, avenue d&#8217;Orl\u00e9ans<br \/>Montreal, Quebec<br \/>H1W 3R4<\/p>\n<p>[\/et_pb_text][\/et_pb_column][et_pb_column type=&#8221;1_3&#8243; _builder_version=&#8221;4.16&#8243; global_colors_info=&#8221;{}&#8221;][et_pb_text admin_label=&#8221;Texte&#8221; _builder_version=&#8221;4.27.3&#8243; text_font_size=&#8221;16px&#8221; text_line_height=&#8221;1.4em&#8221; link_font=&#8221;||||||||&#8221; link_text_color=&#8221;#131E29&#8243; header_font=&#8221;||||||||&#8221; header_4_line_height=&#8221;1.4em&#8221; max_width=&#8221;800px&#8221; custom_margin=&#8221;||-2px|||&#8221; header_4_font_size_tablet=&#8221;16px&#8221; header_4_font_size_phone=&#8221;14px&#8221; header_4_font_size_last_edited=&#8221;on|desktop&#8221; locked=&#8221;off&#8221; global_colors_info=&#8221;{}&#8221;]<\/p>\n<h4>Contact<\/h4>\n<p>Phone: <span style=\"text-decoration: underline;\"><a href=\"tel:5145239283\">514 523-9283<\/a><\/span><br \/><span style=\"text-decoration: underline;\"><a href=\"mailto:info@carrefourfamilial.com\">info@carrefourfamilial.com<\/a><\/span><\/p>\n<p><span style=\"text-decoration: underline;\"><a href=\"http:\/\/eepurl.com\/h5T-cr\" target=\"_blank\" rel=\"noopener\">Subscribe to the newsletter by clicking here.<\/a><\/span><\/p>\n<p>[\/et_pb_text][et_pb_text _builder_version=&#8221;4.16&#8243; text_line_height=&#8221;1.4em&#8221; link_font=&#8221;||||on||||&#8221; link_text_color=&#8221;#3f3fff&#8221; header_font=&#8221;||||||||&#8221; header_4_line_height=&#8221;1.4em&#8221; max_width=&#8221;800px&#8221; custom_margin=&#8221;||1px|||&#8221; custom_padding=&#8221;||0px|||&#8221; header_4_font_size_tablet=&#8221;16px&#8221; header_4_font_size_phone=&#8221;14px&#8221; header_4_font_size_last_edited=&#8221;on|desktop&#8221; locked=&#8221;off&#8221; global_colors_info=&#8221;{}&#8221;]<\/p>\n<p><a href=\"https:\/\/www.instagram.com\/carrefourfamilialhochelaga\/\" target=\"_blank\" rel=\"noopener noreferrer\"><img decoding=\"async\" class=\"alignnone wp-image-51934\" src=\"https:\/\/carrefourfamilial.com\/wp-content\/uploads\/Instagram-Glyph-Black-Logo.wine-01-150x150.png\" alt=\"\" width=\"35\" height=\"34\"><\/a>   <a href=\"https:\/\/www.facebook.com\/carrefourfamilialhochelaga\" target=\"_blank\" rel=\"noopener\"><img decoding=\"async\" class=\"alignnone wp-image-51941 size-full\" src=\"https:\/\/carrefourfamilial.com\/wp-content\/uploads\/iconmonstr-facebook-5-01-1.png\" alt=\"\" width=\"36\" height=\"36\"><\/a><\/p>\n<p>[\/et_pb_text][\/et_pb_column][et_pb_column type=&#8221;1_3&#8243; _builder_version=&#8221;4.16&#8243; global_colors_info=&#8221;{}&#8221;][et_pb_text admin_label=&#8221;Text&#8221; _builder_version=&#8221;4.27.0&#8243; text_font_size=&#8221;16px&#8221; text_line_height=&#8221;1.4em&#8221; link_font=&#8221;||||||||&#8221; link_text_color=&#8221;#131E29&#8243; header_font=&#8221;||||||||&#8221; header_4_line_height=&#8221;1.4em&#8221; max_width=&#8221;800px&#8221; header_4_font_size_tablet=&#8221;16px&#8221; header_4_font_size_phone=&#8221;14px&#8221; header_4_font_size_last_edited=&#8221;on|desktop&#8221; locked=&#8221;off&#8221; global_colors_info=&#8221;{}&#8221;]<\/p>\n<h4>Menu<\/h4>\n<p><a href=\"https:\/\/carrefourfamilial.com\/a-propos\/\">About<\/a><br \/><a href=\"https:\/\/carrefourfamilial.com\/en\/activities\/\">Programs<\/a><br \/><a href=\"https:\/\/carrefourfamilial.com\/en\/become-a-volunteer\/\">Become a Volunteer<\/a><\/p>\n<p>[\/et_pb_text][et_pb_button button_url=&#8221;https:\/\/carrefourfamilial.com\/en\/make-a-donation\/&#8221; button_text=&#8221;Make a Donation&#8221; button_alignment=&#8221;left&#8221; _builder_version=&#8221;4.16&#8243; custom_button=&#8221;on&#8221; button_text_size=&#8221;16px&#8221; button_text_color=&#8221;#003087&#8243; button_bg_color=&#8221;#B1D235&#8243; button_border_width=&#8221;0px&#8221; button_border_radius=&#8221;20px&#8221; button_font=&#8221;baloo-tammudu-bld|||on|||||&#8221; button_use_icon=&#8221;off&#8221; custom_padding=&#8221;12px|12px|3px|12px|false|false&#8221; locked=&#8221;off&#8221; global_colors_info=&#8221;{}&#8221;][\/et_pb_button][\/et_pb_column][\/et_pb_row][\/et_pb_section]<\/p>\n","protected":false},"excerpt":{"rendered":"<p>Financial Partners and DonorsSupport, whether from individuals or organizations, is invaluable to Carrefour Familial Hochelaga. Each contribution has a concrete impact on the lives of families in Hochelaga-Maisonneuve by fostering their development and improving their quality of life. Every donation helps strengthen the confidence, knowledge, and independence of the parents and children who visit the [&hellip;]<\/p>\n","protected":false},"author":17,"featured_media":0,"parent":0,"menu_order":0,"comment_status":"closed","ping_status":"closed","template":"","meta":{"_et_pb_use_builder":"on","_et_pb_old_content":"","_et_gb_content_width":"","footnotes":""},"class_list":["post-56696","page","type-page","status-publish","hentry"],"_links":{"self":[{"href":"https:\/\/carrefourfamilial.com\/en\/wp-json\/wp\/v2\/pages\/56696","targetHints":{"allow":["GET"]}}],"collection":[{"href":"https:\/\/carrefourfamilial.com\/en\/wp-json\/wp\/v2\/pages"}],"about":[{"href":"https:\/\/carrefourfamilial.com\/en\/wp-json\/wp\/v2\/types\/page"}],"author":[{"embeddable":true,"href":"https:\/\/carrefourfamilial.com\/en\/wp-json\/wp\/v2\/users\/17"}],"replies":[{"embeddable":true,"href":"https:\/\/carrefourfamilial.com\/en\/wp-json\/wp\/v2\/comments?post=56696"}],"version-history":[{"count":4,"href":"https:\/\/carrefourfamilial.com\/en\/wp-json\/wp\/v2\/pages\/56696\/revisions"}],"predecessor-version":[{"id":56702,"href":"https:\/\/carrefourfamilial.com\/en\/wp-json\/wp\/v2\/pages\/56696\/revisions\/56702"}],"wp:attachment":[{"href":"https:\/\/carrefourfamilial.com\/en\/wp-json\/wp\/v2\/media?parent=56696"}],"curies":[{"name":"wp","href":"https:\/\/api.w.org\/{rel}","templated":true}]}}